{"id":658,"date":"2020-03-09T09:45:50","date_gmt":"2020-03-09T09:45:50","guid":{"rendered":"https:\/\/aqva.se\/?page_id=658"},"modified":"2024-03-15T11:43:49","modified_gmt":"2024-03-15T11:43:49","slug":"kontakt","status":"publish","type":"page","link":"https:\/\/www.aqva.se\/en\/kontakt\/","title":{"rendered":"Contact"},"content":{"rendered":"<p><div class=\"fusion-fullwidth fullwidth-box fusion-builder-row-1 nonhundred-percent-fullwidth non-hundred-percent-height-scrolling fusion-equal-height-columns\" style=\"--awb-border-radius-top-left:0px;--awb-border-radius-top-right:0px;--awb-border-radius-bottom-right:0px;--awb-border-radius-bottom-left:0px;--awb-padding-bottom:0px;--awb-flex-wrap:wrap;\" ><div class=\"fusion-builder-row fusion-row\"><div class=\"fusion-layout-column fusion_builder_column fusion-builder-column-0 fusion_builder_column_1_1 1_1 fusion-one-full fusion-column-first fusion-column-last fusion-column-no-min-height fusion-animated\" style=\"--awb-bg-size:cover;--awb-margin-bottom:5%;\" data-animationtype=\"fadeIn\" data-animationduration=\"1.0\" data-animationoffset=\"top-into-view\"><div class=\"fusion-column-wrapper fusion-column-has-shadow fusion-flex-column-wrapper-legacy\"><div class=\"fusion-sep-clear\"><\/div><div class=\"fusion-separator fusion-no-medium-visibility fusion-no-large-visibility\" style=\"margin-left: auto;margin-right: auto;margin-bottom:7%;width:100%;max-width:70px;\"><\/div><div class=\"fusion-sep-clear\"><\/div><div class=\"fusion-clearfix\"><\/div><\/div><\/div><div class=\"fusion-layout-column fusion_builder_column fusion-builder-column-1 fusion_builder_column_1_2 1_2 fusion-one-half fusion-column-first fusion-column-inner-bg-wrapper fusion-animated\" style=\"--awb-inner-bg-image:url(&#039;https:\/\/www.aqva.se\/wp-content\/uploads\/2020\/11\/Sofia-Per-683x1024.jpg&#039;);--awb-inner-bg-position:center center;--awb-inner-bg-size:cover;--awb-margin-bottom:0px;width:50%;width:calc(50% - ( ( 0 ) * 0.5 ) );margin-right: 0px;\" data-animationtype=\"fadeIn\" data-animationduration=\"1.0\" data-animationoffset=\"top-into-view\"><span class=\"fusion-column-inner-bg hover-type-zoomin\"><span class=\"fusion-column-anchor\"><span class=\"fusion-column-inner-bg-image\"><\/span><\/span><\/span><div class=\"fusion-column-wrapper fusion-column-has-shadow fusion-flex-column-wrapper-legacy fusion-empty-column-bg-image fusion-column-has-bg-image\" data-bg-url=\"https:\/\/www.aqva.se\/wp-content\/uploads\/2020\/11\/Sofia-Per-683x1024.jpg\"><img decoding=\"async\" class=\"fusion-empty-dims-img-placeholder fusion-no-large-visibility\" src=\"data:image\/gif;base64,R0lGODlhAQABAAAAACH5BAEKAAEALAAAAAABAAEAAAICTAEAOw==\"><div class=\"fusion-clearfix\"><\/div><\/div><\/div><div class=\"fusion-layout-column fusion_builder_column fusion-builder-column-2 fusion_builder_column_1_2 1_2 fusion-one-half fusion-column-last fusion-animated\" style=\"--awb-padding-top:20%;--awb-padding-right:20%;--awb-padding-bottom:20%;--awb-padding-left:20%;--awb-bg-position:center top;--awb-bg-size:cover;--awb-margin-bottom:0px;width:50%;width:calc(50% - ( ( 0 ) * 0.5 ) );\" data-animationtype=\"fadeIn\" data-animationduration=\"0.6\" data-animationoffset=\"top-into-view\"><div class=\"fusion-column-wrapper fusion-column-has-shadow fusion-flex-column-wrapper-legacy\"><div class=\"fusion-title title fusion-title-1 fusion-title-text fusion-title-size-six\" style=\"--awb-text-color:#ecd3a5;--awb-margin-bottom:6%;--awb-font-size:16px;\"><h6 class=\"fusion-title-heading title-heading-left fusion-responsive-typography-calculated\" style=\"margin:0;font-size:1em;--fontSize:16;--minFontSize:16;line-height:1.55;\">HOTELL AQVA<\/h6><span class=\"awb-title-spacer\"><\/span><div class=\"title-sep-container\"><div class=\"title-sep sep- sep-solid\" style=\"border-color:#e0dede;\"><\/div><\/div><\/div><div class=\"fusion-title title fusion-title-2 fusion-title-text fusion-title-size-three\" style=\"--awb-text-color:#ecd3a5;--awb-margin-bottom:6%;--awb-font-size:65px;\"><h3 class=\"fusion-title-heading title-heading-left fusion-responsive-typography-calculated\" style=\"margin:0;font-size:1em;--fontSize:65;line-height:1.08;\">Contact us<\/h3><span class=\"awb-title-spacer\"><\/span><div class=\"title-sep-container\"><div class=\"title-sep sep- sep-solid\" style=\"border-color:#e0dede;\"><\/div><\/div><\/div><div class=\"fusion-sep-clear\"><\/div><div class=\"fusion-separator fusion-clearfix\" style=\"float:left;margin-top:13%;margin-bottom:10%;width:100%;max-width:70px;\"><\/div><div class=\"fusion-sep-clear\"><\/div><div class=\"fusion-text fusion-text-1\"><p style=\"color: #ffffff; text-align: left;\"><span style=\"color: #ecd3a5;\">Hotell Aqva<\/span><br \/>\n<span style=\"color: #ecd3a5;\"><br \/>\nViktoriagatan 15<\/span><br \/>\n<span style=\"color: #ecd3a5;\"><br \/>\n542 39 Mariestad<br \/>\n<\/span><\/p>\n<p><span style=\"color: #ecd3a5;\">\u00a0<\/span><\/p>\n<p style=\"color: #ffffff; text-align: left;\"><span style=\"color: #ecd3a5;\">Phone: +46(0)501-195 15<\/span><br \/>\n<span style=\"color: #ecd3a5;\"><br \/>\nE-post: info@aqva.se<\/span><\/p>\n<p style=\"color: #ffffff; text-align: left;\"><span style=\"color: #ecd3a5;\">\u00a0<\/span><\/p>\n<p style=\"color: #ffffff; text-align: left;\"><span style=\"color: #ecd3a5;\">Warm welcome <\/span><\/p>\n<p style=\"color: #ffffff; text-align: left;\"><span style=\"color: #ecd3a5;\">Sofia &amp; Per Svensson, <\/span><span style=\"background-color: rgba(255, 255, 255, 0); font-family: var(--body_typography-font-family); font-size: var(--body_typography-font-size); font-style: var(--body_typography-font-style,normal); letter-spacing: var(--body_typography-letter-spacing);\">CEO\/Owner<\/span><\/p>\n<\/div><div class=\"fusion-image-element in-legacy-container\" style=\"--awb-caption-title-font-family:var(--h2_typography-font-family);--awb-caption-title-font-weight:var(--h2_typography-font-weight);--awb-caption-title-font-style:var(--h2_typography-font-style);--awb-caption-title-size:var(--h2_typography-font-size);--awb-caption-title-transform:var(--h2_typography-text-transform);--awb-caption-title-line-height:var(--h2_typography-line-height);--awb-caption-title-letter-spacing:var(--h2_typography-letter-spacing);\"><span class=\"fusion-imageframe imageframe-none imageframe-1 hover-type-none\"><img decoding=\"async\" width=\"150\" height=\"150\" title=\"Hotell_Aqva_Restaurang_Bar_Certificate_No_Rating\" src=\"https:\/\/www.aqva.se\/wp-content\/uploads\/2022\/11\/Hotell_Aqva_Restaurang_Bar_Certificate_No_Rating-150x150.png\" alt class=\"img-responsive wp-image-1466\" srcset=\"https:\/\/www.aqva.se\/wp-content\/uploads\/2022\/11\/Hotell_Aqva_Restaurang_Bar_Certificate_No_Rating-66x66.png 66w, https:\/\/www.aqva.se\/wp-content\/uploads\/2022\/11\/Hotell_Aqva_Restaurang_Bar_Certificate_No_Rating-150x150.png 150w\" sizes=\"(max-width: 150px) 100vw, 150px\" \/><\/span><\/div><div class=\"fusion-image-element in-legacy-container\" style=\"--awb-caption-title-font-family:var(--h2_typography-font-family);--awb-caption-title-font-weight:var(--h2_typography-font-weight);--awb-caption-title-font-style:var(--h2_typography-font-style);--awb-caption-title-size:var(--h2_typography-font-size);--awb-caption-title-transform:var(--h2_typography-text-transform);--awb-caption-title-line-height:var(--h2_typography-line-height);--awb-caption-title-letter-spacing:var(--h2_typography-letter-spacing);\"><span class=\"fusion-imageframe imageframe-none imageframe-2 hover-type-none\"><img decoding=\"async\" width=\"150\" height=\"150\" title=\"nedladdning\" src=\"https:\/\/www.aqva.se\/wp-content\/uploads\/2021\/03\/nedladdning-150x150.png\" alt class=\"img-responsive wp-image-1439\" srcset=\"https:\/\/www.aqva.se\/wp-content\/uploads\/2021\/03\/nedladdning-200x200.png 200w, https:\/\/www.aqva.se\/wp-content\/uploads\/2021\/03\/nedladdning.png 225w\" sizes=\"(max-width: 800px) 100vw, 150px\" \/><\/span><\/div><div class=\"fusion-image-element in-legacy-container\" style=\"--awb-caption-title-font-family:var(--h2_typography-font-family);--awb-caption-title-font-weight:var(--h2_typography-font-weight);--awb-caption-title-font-style:var(--h2_typography-font-style);--awb-caption-title-size:var(--h2_typography-font-size);--awb-caption-title-transform:var(--h2_typography-text-transform);--awb-caption-title-line-height:var(--h2_typography-line-height);--awb-caption-title-letter-spacing:var(--h2_typography-letter-spacing);\"><span class=\"fusion-imageframe imageframe-none imageframe-3 hover-type-none\"><img decoding=\"async\" width=\"150\" height=\"150\" title=\"Utskrift\" src=\"https:\/\/www.aqva.se\/wp-content\/uploads\/2021\/03\/Bio-logo-1-negativ-150x150.jpg\" alt class=\"img-responsive wp-image-1437\" srcset=\"https:\/\/www.aqva.se\/wp-content\/uploads\/2021\/03\/Bio-logo-1-negativ-200x200.jpg 200w, https:\/\/www.aqva.se\/wp-content\/uploads\/2021\/03\/Bio-logo-1-negativ-400x400.jpg 400w, https:\/\/www.aqva.se\/wp-content\/uploads\/2021\/03\/Bio-logo-1-negativ-600x600.jpg 600w, https:\/\/www.aqva.se\/wp-content\/uploads\/2021\/03\/Bio-logo-1-negativ-800x799.jpg 800w, https:\/\/www.aqva.se\/wp-content\/uploads\/2021\/03\/Bio-logo-1-negativ-1200x1199.jpg 1200w, https:\/\/www.aqva.se\/wp-content\/uploads\/2021\/03\/Bio-logo-1-negativ.jpg 1316w\" sizes=\"(max-width: 800px) 100vw, 600px\" \/><\/span><\/div><div class=\"fusion-clearfix\"><\/div><\/div><\/div><div class=\"fusion-layout-column fusion_builder_column fusion-builder-column-3 fusion_builder_column_1_1 1_1 fusion-one-full fusion-column-first fusion-column-last fusion-column-no-min-height\" style=\"--awb-bg-size:cover;--awb-margin-bottom:0px;\"><div class=\"fusion-column-wrapper fusion-column-has-shadow fusion-flex-column-wrapper-legacy\"><div class=\"fusion-sep-clear\"><\/div><div class=\"fusion-separator fusion-full-width-sep\" style=\"margin-left: auto;margin-right: auto;margin-top:50px;width:100%;\"><\/div><div class=\"fusion-sep-clear\"><\/div><div class=\"fusion-clearfix\"><\/div><\/div><\/div><\/div><\/div><div class=\"fusion-fullwidth fullwidth-box fusion-builder-row-2 fusion-flex-container nonhundred-percent-fullwidth non-hundred-percent-height-scrolling\" style=\"--awb-border-radius-top-left:0px;--awb-border-radius-top-right:0px;--awb-border-radius-bottom-right:0px;--awb-border-radius-bottom-left:0px;--awb-padding-top:0px;--awb-padding-right:0px;--awb-padding-bottom:0px;--awb-padding-left:0px;--awb-margin-bottom:0px;--awb-flex-wrap:wrap;\" ><div class=\"fusion-builder-row fusion-row fusion-flex-align-items-flex-start fusion-flex-content-wrap\" style=\"max-width:calc( 1270px + 0px );margin-left: calc(-0px \/ 2 );margin-right: calc(-0px \/ 2 );\"><div class=\"fusion-layout-column fusion_builder_column fusion-builder-column-4 fusion_builder_column_1_1 1_1 fusion-flex-column\" style=\"--awb-bg-size:cover;--awb-width-large:100%;--awb-margin-top-large:0px;--awb-spacing-right-large:0px;--awb-margin-bottom-large:0px;--awb-spacing-left-large:0px;--awb-width-medium:100%;--awb-spacing-right-medium:0px;--awb-spacing-left-medium:0px;--awb-width-small:100%;--awb-spacing-right-small:0px;--awb-spacing-left-small:0px;\"><div class=\"fusion-column-wrapper fusion-column-has-shadow fusion-flex-justify-content-flex-start fusion-content-layout-column\"><div class=\"fusion-text fusion-text-2\"><p><iframe style=\"border: 0;\" tabindex=\"0\" src=\"https:\/\/www.google.com\/maps\/embed?pb=!1m14!1m8!1m3!1d8288.70594209493!2d13.8273681!3d58.7102579!3m2!1i1024!2i768!4f13.1!3m3!1m2!1s0x0%3A0x2f20beaa81fb065a!2sHotell%20Aqva%20Restaurang%20%26%20Bar%2C%20Biosf%C3%A4rhotell%20med%20fokus%20p%C3%A5%20H%C3%A5llbarhet!5e0!3m2!1ssv!2sse!4v1600257479130!5m2!1ssv!2sse\" width=\"100%\" height=\"500\" frameborder=\"0\" allowfullscreen=\"allowfullscreen\" aria-hidden=\"false\"><\/iframe><\/p>\n<\/div><\/div><\/div><\/div><\/div><\/p>","protected":false},"excerpt":{"rendered":"","protected":false},"author":1,"featured_media":0,"parent":0,"menu_order":0,"comment_status":"closed","ping_status":"closed","template":"100-width.php","meta":{"footnotes":""},"class_list":["post-658","page","type-page","status-publish","hentry"],"yoast_head":"<!-- This site is optimized with the Yoast SEO plugin v24.7 - https:\/\/yoast.com\/wordpress\/plugins\/seo\/ -->\n<title>Kontakt - Hotell Aqva<\/title>\n<meta name=\"robots\" content=\"index, follow, max-snippet:-1, max-image-preview:large, max-video-preview:-1\" \/>\n<link rel=\"canonical\" href=\"https:\/\/www.aqva.se\/en\/kontakt\/\" \/>\n<meta property=\"og:locale\" content=\"en_US\" \/>\n<meta property=\"og:type\" content=\"article\" \/>\n<meta property=\"og:title\" content=\"Kontakt - Hotell Aqva\" \/>\n<meta property=\"og:url\" content=\"https:\/\/www.aqva.se\/en\/kontakt\/\" \/>\n<meta property=\"og:site_name\" content=\"Hotell Aqva\" \/>\n<meta property=\"article:modified_time\" content=\"2024-03-15T11:43:49+00:00\" \/>\n<meta name=\"twitter:card\" content=\"summary_large_image\" \/>\n<meta name=\"twitter:label1\" content=\"Est. reading time\" \/>\n\t<meta name=\"twitter:data1\" content=\"4 minutes\" \/>\n<script type=\"application\/ld+json\" class=\"yoast-schema-graph\">{\"@context\":\"https:\/\/schema.org\",\"@graph\":[{\"@type\":\"WebPage\",\"@id\":\"https:\/\/www.aqva.se\/kontakt\/\",\"url\":\"https:\/\/www.aqva.se\/kontakt\/\",\"name\":\"Kontakt - Hotell Aqva\",\"isPartOf\":{\"@id\":\"https:\/\/www.aqva.se\/#website\"},\"datePublished\":\"2020-03-09T09:45:50+00:00\",\"dateModified\":\"2024-03-15T11:43:49+00:00\",\"breadcrumb\":{\"@id\":\"https:\/\/www.aqva.se\/kontakt\/#breadcrumb\"},\"inLanguage\":\"en-US\",\"potentialAction\":[{\"@type\":\"ReadAction\",\"target\":[\"https:\/\/www.aqva.se\/kontakt\/\"]}]},{\"@type\":\"BreadcrumbList\",\"@id\":\"https:\/\/www.aqva.se\/kontakt\/#breadcrumb\",\"itemListElement\":[{\"@type\":\"ListItem\",\"position\":1,\"name\":\"Hem\",\"item\":\"https:\/\/www.aqva.se\/\"},{\"@type\":\"ListItem\",\"position\":2,\"name\":\"Kontakt\"}]},{\"@type\":\"WebSite\",\"@id\":\"https:\/\/www.aqva.se\/#website\",\"url\":\"https:\/\/www.aqva.se\/\",\"name\":\"Hotell Aqva\",\"description\":\"Ett Kranm\u00e4rkt Biosf\u00e4rhotell med fokus p\u00e5 h\u00e5llbarhet! Mysigt, litet, centralt i Mariestad!\",\"publisher\":{\"@id\":\"https:\/\/www.aqva.se\/#organization\"},\"potentialAction\":[{\"@type\":\"SearchAction\",\"target\":{\"@type\":\"EntryPoint\",\"urlTemplate\":\"https:\/\/www.aqva.se\/?s={search_term_string}\"},\"query-input\":{\"@type\":\"PropertyValueSpecification\",\"valueRequired\":true,\"valueName\":\"search_term_string\"}}],\"inLanguage\":\"en-US\"},{\"@type\":\"Organization\",\"@id\":\"https:\/\/www.aqva.se\/#organization\",\"name\":\"Hotell Aqva i Mariestad\",\"url\":\"https:\/\/www.aqva.se\/\",\"logo\":{\"@type\":\"ImageObject\",\"inLanguage\":\"en-US\",\"@id\":\"https:\/\/www.aqva.se\/#\/schema\/logo\/image\/\",\"url\":\"https:\/\/www.aqva.se\/wp-content\/uploads\/2020\/03\/Logotyp.png\",\"contentUrl\":\"https:\/\/www.aqva.se\/wp-content\/uploads\/2020\/03\/Logotyp.png\",\"width\":200,\"height\":102,\"caption\":\"Hotell Aqva i Mariestad\"},\"image\":{\"@id\":\"https:\/\/www.aqva.se\/#\/schema\/logo\/image\/\"}}]}<\/script>\n<!-- \/ Yoast SEO plugin. -->","yoast_head_json":{"title":"Kontakt - Hotell Aqva","robots":{"index":"index","follow":"follow","max-snippet":"max-snippet:-1","max-image-preview":"max-image-preview:large","max-video-preview":"max-video-preview:-1"},"canonical":"https:\/\/www.aqva.se\/en\/kontakt\/","og_locale":"en_US","og_type":"article","og_title":"Kontakt - Hotell Aqva","og_url":"https:\/\/www.aqva.se\/en\/kontakt\/","og_site_name":"Hotell Aqva","article_modified_time":"2024-03-15T11:43:49+00:00","twitter_card":"summary_large_image","twitter_misc":{"Est. reading time":"4 minutes"},"schema":{"@context":"https:\/\/schema.org","@graph":[{"@type":"WebPage","@id":"https:\/\/www.aqva.se\/kontakt\/","url":"https:\/\/www.aqva.se\/kontakt\/","name":"Kontakt - Hotell Aqva","isPartOf":{"@id":"https:\/\/www.aqva.se\/#website"},"datePublished":"2020-03-09T09:45:50+00:00","dateModified":"2024-03-15T11:43:49+00:00","breadcrumb":{"@id":"https:\/\/www.aqva.se\/kontakt\/#breadcrumb"},"inLanguage":"en-US","potentialAction":[{"@type":"ReadAction","target":["https:\/\/www.aqva.se\/kontakt\/"]}]},{"@type":"BreadcrumbList","@id":"https:\/\/www.aqva.se\/kontakt\/#breadcrumb","itemListElement":[{"@type":"ListItem","position":1,"name":"Hem","item":"https:\/\/www.aqva.se\/"},{"@type":"ListItem","position":2,"name":"Kontakt"}]},{"@type":"WebSite","@id":"https:\/\/www.aqva.se\/#website","url":"https:\/\/www.aqva.se\/","name":"Hotell Aqva","description":"Ett Kranm\u00e4rkt Biosf\u00e4rhotell med fokus p\u00e5 h\u00e5llbarhet! Mysigt, litet, centralt i Mariestad!","publisher":{"@id":"https:\/\/www.aqva.se\/#organization"},"potentialAction":[{"@type":"SearchAction","target":{"@type":"EntryPoint","urlTemplate":"https:\/\/www.aqva.se\/?s={search_term_string}"},"query-input":{"@type":"PropertyValueSpecification","valueRequired":true,"valueName":"search_term_string"}}],"inLanguage":"en-US"},{"@type":"Organization","@id":"https:\/\/www.aqva.se\/#organization","name":"Hotell Aqva i Mariestad","url":"https:\/\/www.aqva.se\/","logo":{"@type":"ImageObject","inLanguage":"en-US","@id":"https:\/\/www.aqva.se\/#\/schema\/logo\/image\/","url":"https:\/\/www.aqva.se\/wp-content\/uploads\/2020\/03\/Logotyp.png","contentUrl":"https:\/\/www.aqva.se\/wp-content\/uploads\/2020\/03\/Logotyp.png","width":200,"height":102,"caption":"Hotell Aqva i Mariestad"},"image":{"@id":"https:\/\/www.aqva.se\/#\/schema\/logo\/image\/"}}]}},"_links":{"self":[{"href":"https:\/\/www.aqva.se\/en\/wp-json\/wp\/v2\/pages\/658"}],"collection":[{"href":"https:\/\/www.aqva.se\/en\/wp-json\/wp\/v2\/pages"}],"about":[{"href":"https:\/\/www.aqva.se\/en\/wp-json\/wp\/v2\/types\/page"}],"author":[{"embeddable":true,"href":"https:\/\/www.aqva.se\/en\/wp-json\/wp\/v2\/users\/1"}],"replies":[{"embeddable":true,"href":"https:\/\/www.aqva.se\/en\/wp-json\/wp\/v2\/comments?post=658"}],"version-history":[{"count":23,"href":"https:\/\/www.aqva.se\/en\/wp-json\/wp\/v2\/pages\/658\/revisions"}],"predecessor-version":[{"id":1704,"href":"https:\/\/www.aqva.se\/en\/wp-json\/wp\/v2\/pages\/658\/revisions\/1704"}],"wp:attachment":[{"href":"https:\/\/www.aqva.se\/en\/wp-json\/wp\/v2\/media?parent=658"}],"curies":[{"name":"wp","href":"https:\/\/api.w.org\/{rel}","templated":true}]}}