{"id":1768,"date":"2025-03-26T13:54:08","date_gmt":"2025-03-26T13:54:08","guid":{"rendered":"https:\/\/www.aqva.se\/?page_id=1768"},"modified":"2025-03-26T13:55:19","modified_gmt":"2025-03-26T13:55:19","slug":"test","status":"publish","type":"page","link":"https:\/\/www.aqva.se\/en\/test\/","title":{"rendered":"test"},"content":{"rendered":"<div class=\"fusion-fullwidth fullwidth-box fusion-builder-row-1 fusion-flex-container has-pattern-background has-mask-background nonhundred-percent-fullwidth non-hundred-percent-height-scrolling\" style=\"--awb-border-radius-top-left:0px;--awb-border-radius-top-right:0px;--awb-border-radius-bottom-right:0px;--awb-border-radius-bottom-left:0px;--awb-flex-wrap:wrap;\" ><div class=\"fusion-builder-row fusion-row fusion-flex-align-items-flex-start fusion-flex-content-wrap\" style=\"max-width:1320.8px;margin-left: calc(-4% \/ 2 );margin-right: calc(-4% \/ 2 );\"><div class=\"fusion-layout-column fusion_builder_column fusion-builder-column-0 fusion_builder_column_1_1 1_1 fusion-flex-column\" style=\"--awb-bg-size:cover;--awb-width-large:100%;--awb-margin-top-large:0px;--awb-spacing-right-large:1.92%;--awb-margin-bottom-large:20px;--awb-spacing-left-large:1.92%;--awb-width-medium:100%;--awb-order-medium:0;--awb-spacing-right-medium:1.92%;--awb-spacing-left-medium:1.92%;--awb-width-small:100%;--awb-order-small:0;--awb-spacing-right-small:1.92%;--awb-spacing-left-small:1.92%;\"><div class=\"fusion-column-wrapper fusion-column-has-shadow fusion-flex-justify-content-flex-start fusion-content-layout-column\"><div class=\"fusion-text fusion-text-1\"><!-- jQuery (if not already present) -->\r\n<script src=\"https:\/\/ajax.googleapis.com\/ajax\/libs\/jquery\/3.6.1\/jquery.min.js\"><\/script>\r\n\r\n<!-- Optional CSS -->\r\n<link rel=\"stylesheet\" type=\"text\/css\" href=\"https:\/\/book.aqva.se\/pack\/css\/smsv\/1742209926\" \/>\r\n\r\n<!-- Required JS -->\r\n<script type=\"text\/javascript\" src=\"https:\/\/book.aqva.se\/pack\/js\/smsv\/1742209926\"><\/script>\r\n\r\n<!-- Reservation Form -->\r\n<form method=\"post\" name=\"appForm\" id=\"appForm\" action=\"https:\/\/book.aqva.se\/reserve\/sv\/avail\">\r\n  <div class=\"besearchmask\">\r\n    <div class=\"searchmask-wrapper\">\r\n      <div id=\"appcontrol_ucSearchMask\" class=\"userControl useSpinner container\" appid=\"ucSearchMask\">\r\n\r\n        <!-- Search Mask Container -->\r\n        <div class=\"searchmask-container SMJSON-searchmask-container\">\r\n\r\n          <!-- Search Fields -->\r\n          <div class=\"sm-fields searchmask\">\r\n            \r\n            <!-- Date Fields -->\r\n            <div class=\"row sm-row\">\r\n              <!-- Arrival Date -->\r\n              <div class=\"col-12 col-lg-3 sm-col\">\r\n                <div class=\"sm-control-label -main\">Checka in<\/div>\r\n                <div class=\"sm-input-wrap bindTriggerArrival\">\r\n                  <input id=\"SMJSON-arrivalDate\" class=\"datepicker-arrival-input bindOpenDatepickerArrival sm-form-control\" readonly=\"true\">\r\n                <\/div>\r\n              <\/div>\r\n\r\n              <!-- Departure Date -->\r\n              <div class=\"col-12 col-lg-3 sm-col\">\r\n                <div class=\"sm-control-label -main\">Checka ut<\/div>\r\n                <div class=\"sm-input-wrap bindTriggerDeparture\">\r\n                  <input id=\"SMJSON-departureDate\" class=\"datepicker-departure-input bindOpenDatepickerDeparture sm-form-control\" readonly=\"true\">\r\n                <\/div>\r\n              <\/div>\r\n\r\n              <input id=\"SMJSON-numberOfNights\" class=\"myhidden\" style=\"display:none;\" readonly=\"true\">\r\n\r\n              <!-- Guest Information -->\r\n              <div class=\"col-12 col-lg-4 sm-col\">\r\n                <div class=\"sm-control-label -main\">G\u00e4ster<\/div>\r\n                <div class=\"bindToggleOccupancy occupancy-summary js-sm-close-focusout\">\r\n                  <div class=\"occupancy-summary-texts\">\r\n                    <span class=\"sm-occupancy-total-rooms\">0<\/span>\r\n                    <span class=\"sm-occupancy-label-room\">Rooms<\/span>\r\n                    <span class=\"sm-occupancy-total-adults\">0<\/span>\r\n                    <span class=\"sm-occupancy-label-adult\">Vuxna<\/span>\r\n                    <span class=\"sm-occupancy-total-children\">0<\/span>\r\n                    <span class=\"sm-occupancy-label-children\">Barn<\/span>\r\n                  <\/div>\r\n                <\/div>\r\n\r\n                <!-- Occupancy Dropdown -->\r\n                <div class=\"occupancy-dropdown-wrap\">\r\n                  <div class=\"occupancy-dropdown js-sm-close-focusout\">\r\n                    <label class=\"sm-control-label\">Antal rum<\/label>\r\n                    <select id=\"SMJSON-numberOfRooms\" class=\"sm-form-control\"><\/select>\r\n\r\n                    <!-- Room Details -->\r\n                    <div class=\"SMJSON-roomDetails sm-room-details open enabled\" occnro=\"1\">\r\n                      <div class=\"occupancy-room-header\">\r\n                        <label class=\"occupancy-room-number\">Rooms <span class=\"room-index\">1<\/span><\/label>\r\n                      <\/div>\r\n\r\n                      <div class=\"sm-room-details-content\">\r\n                        <div class=\"row\">\r\n                          <!-- Adults in Room -->\r\n                          <div class=\"col-6 sm-col smNroOfAdultsContainer\" data-roomnro=\"1\">\r\n                            <span class=\"sm-control-label -occupancy\" for=\"lbNroOfAdults\">Vuxna<\/span>\r\n                            <div class=\"lbNroOfAdultsContainer\" data-roomnro=\"1\">\r\n                              <select class=\"SMJSON-adultsAmount sm-form-control\" style=\"display:none;\"><\/select>\r\n                              <div class=\"plus-minus-selector bindPlusMinusSelector\" data-room=\"1\" data-context=\"adults\" data-min=\"1\">\r\n                                <div class=\"p-m-selector-decrement\">-<\/div>\r\n                                <div class=\"p-m-selector-value\">1<\/div>\r\n                                <div class=\"p-m-selector-increment\">+<\/div>\r\n                              <\/div>\r\n                            <\/div>\r\n                          <\/div>\r\n\r\n                          <!-- Children in Room -->\r\n                          <div class=\"col-6 sm-col smNroOfChildrenContainer hideIfBusiness multiroom\">\r\n                            <span class=\"sm-control-label -occupancy\" for=\"lbNroOfChildren\">Barn<\/span>\r\n                            <div class=\"lbNroOfChildrenContainer\" data-roomnro=\"1\">\r\n                              <select class=\"sm-form-control SMJSON-childrenAmount\" style=\"display:none;\"><\/select>\r\n                              <div class=\"plus-minus-selector bindPlusMinusSelector\" data-room=\"1\" data-context=\"children\" data-min=\"0\">\r\n                                <div class=\"p-m-selector-decrement\">-<\/div>\r\n                                <div class=\"p-m-selector-value\">0<\/div>\r\n                                <div class=\"p-m-selector-increment\">+<\/div>\r\n                              <\/div>\r\n                            <\/div>\r\n                          <\/div>\r\n\r\n                          <!-- Children Ages -->\r\n                          <div class=\"sm-child-ages-container col-12 sm-col\" data-roomnro=\"1\" data-breakpoint=\"970\">\r\n                            <label class=\"sm-control-label -occupancy child-ages-label\" for=\"childAges\">\u00c5r<\/label>\r\n                            <div class=\"row\"><\/div>\r\n                          <\/div>\r\n                        <\/div>\r\n                      <\/div>\r\n                    <\/div>\r\n                  <\/div>\r\n                <\/div>\r\n              <\/div>\r\n\r\n              <!-- Promotion Code -->\r\n              <div class=\"col-12 col-lg-2 sm-col\" id=\"smPromotionsContainer\">\r\n                <div class=\"sm-control-label -main\">Kod<\/div>\r\n                <div class=\"d-flex align-items-center\">\r\n                  <input type=\"text\" class=\"form-control sm-form-control uppercase\" id=\"SMJSON-combinedCode\" placeholder=\"kod\">\r\n                  <div class=\"be-button sm-book-button bindValidateSearchmask ml-2\" style=\"height: auto; line-height: 1.5; padding-top: 6px; padding-bottom: 6px;\">S\u00f6k<\/div>\r\n                <\/div>\r\n              <\/div>\r\n            <\/div>\r\n          <\/div>\r\n\r\n          <!-- Rate Filters (Hidden) -->\r\n          <div class=\"row sm-row -bottom\">\r\n            <div class=\"js-rate-filters-container col-12 myhidden\">\r\n              <span class=\"sm-control-label -main\">F\u00f6r ny s\u00f6kning, klicka X<\/span>\r\n            <\/div>\r\n            <div class=\"js-room-filters-container col-12\"><\/div>\r\n          <\/div>\r\n        <\/div>\r\n      <\/div>\r\n    <\/div>\r\n  <\/div>\r\n\r\n  <!-- Hidden Inputs -->\r\n  <div style=\"display:none;\">\r\n    <input type=\"hidden\" id=\"SMJSON-isBusinessTraveller\" \/>\r\n    <input type=\"hidden\" id=\"SMJSON-isClubMember\" \/>\r\n    <input type=\"text\" name=\"appcontrol_ucSearchMask_txtArrayOfSearchMasksAsJSON\" value=\"\" id=\"heArrayOfSearchMasksAsJSON\" style=\"display:none; position: absolute;\" \/>\r\n  <\/div>\r\n\r\n  <!-- JavaScript Configuration -->\r\n  <script type=\"text\/javascript\">\r\n    jsConfig.calAvSearchMask = 'eJx1lN9P2zAQx\/+XvE8iLS1gnlinbWhQKgbP09W5NFadODo7hQrxv+\/spnWSkqe09\/H98H3P9yTSiUjK\/C8CyeIR7DYR85n4sOJGJEhkaGEyTG6VuLi14rq1PdpNwn8vROI\/KX9t8H\/Z16ezaSoSIFI70D\/AsXnpjVORZFgDuYYwmmciIWNK633T9pghtVEV6OcjCEFvIngxDvRd1mgX8dUA\/1FZhBwUwvEVko\/alsTJZaF0Rlj1wSVfq0apQPftk9bheyO36FIf\/1t6DiZjYDoGLsfAbAzMx8DVGLiOgPtRkymNU6Y6qHySlNu81kZuB2avqTRUG2Lp7rMOmYtEgYOejcXYkGnqnpFHyJqGZN89FGnKtaowG+RkhxqsfTM0dCixXCPZQoUMQZp517ps\/K8oZiSHOT2qH+0PuEN9AHw+1\/jenuJ7V2Se8qXaFH7cjiEhy5RvX5hxGNTnR9pnGjbRI+7fSsOw7eElhe4MQdBKlUD7Z+T2uy6b+ecnTZV9RVnJwjjUh4C+7gkT0A6pAqd2+DvSrpMsQFXRiVWQDfETkfu+wpzX4bsb1NpYfDAS9AJkcdoIHJWQH371Sm2T\/X1VhpVTufJK9QbN9+in8oVyw4HJx2cLuK\/nwE+Q5kH5knCFBHkg6UCKDpqMo2kXsfCq2nHZhvb3DstOsjCtcgsb7Bs3KncLoCyOTiiW7y3BD1A8zF1i4lYF2OHT+8e20\/XWh6XGZTq\/6XhFWVPZTq\/d2QJMW+NgaU7iArwLdS\/bVWoL8\/arLXxl6qY+ZP38D+D39h4=';\r\n    var searchMaskJSON = { \/* JSON Data *\/ };\r\n    var arrivalOffset = 1;\r\n    var nroOfRooms = 1;\r\n    var nroOfNights = 0;\r\n    var calendarNroOfAdults = 1;\r\n    var calendarNroOfChildren = 0;\r\n    var calendarNroOfNights = 1;\r\n    var calendarStartDate = CalendarSetup.printDate(CalendarSetup.today());\r\n  <\/script>\r\n<\/form>\n<\/div><\/div><\/div><\/div><\/div>","protected":false},"excerpt":{"rendered":"","protected":false},"author":1,"featured_media":0,"parent":0,"menu_order":0,"comment_status":"closed","ping_status":"closed","template":"","meta":{"footnotes":""},"class_list":["post-1768","page","type-page","status-publish","hentry"],"yoast_head":"<!-- This site is optimized with the Yoast SEO plugin v24.7 - https:\/\/yoast.com\/wordpress\/plugins\/seo\/ -->\n<title>test - Hotell Aqva<\/title>\n<meta name=\"robots\" content=\"index, follow, max-snippet:-1, max-image-preview:large, max-video-preview:-1\" \/>\n<link rel=\"canonical\" href=\"https:\/\/www.aqva.se\/en\/test\/\" \/>\n<meta property=\"og:locale\" content=\"en_US\" \/>\n<meta property=\"og:type\" content=\"article\" \/>\n<meta property=\"og:title\" content=\"test - Hotell Aqva\" \/>\n<meta property=\"og:url\" content=\"https:\/\/www.aqva.se\/en\/test\/\" \/>\n<meta property=\"og:site_name\" content=\"Hotell Aqva\" \/>\n<meta property=\"article:modified_time\" content=\"2025-03-26T13:55:19+00:00\" \/>\n<meta name=\"twitter:card\" content=\"summary_large_image\" \/>\n<meta name=\"twitter:label1\" content=\"Est. reading time\" \/>\n\t<meta name=\"twitter:data1\" content=\"1 minute\" \/>\n<script type=\"application\/ld+json\" class=\"yoast-schema-graph\">{\"@context\":\"https:\/\/schema.org\",\"@graph\":[{\"@type\":\"WebPage\",\"@id\":\"https:\/\/www.aqva.se\/test\/\",\"url\":\"https:\/\/www.aqva.se\/test\/\",\"name\":\"test - Hotell Aqva\",\"isPartOf\":{\"@id\":\"https:\/\/www.aqva.se\/#website\"},\"datePublished\":\"2025-03-26T13:54:08+00:00\",\"dateModified\":\"2025-03-26T13:55:19+00:00\",\"breadcrumb\":{\"@id\":\"https:\/\/www.aqva.se\/test\/#breadcrumb\"},\"inLanguage\":\"en-US\",\"potentialAction\":[{\"@type\":\"ReadAction\",\"target\":[\"https:\/\/www.aqva.se\/test\/\"]}]},{\"@type\":\"BreadcrumbList\",\"@id\":\"https:\/\/www.aqva.se\/test\/#breadcrumb\",\"itemListElement\":[{\"@type\":\"ListItem\",\"position\":1,\"name\":\"Hem\",\"item\":\"https:\/\/www.aqva.se\/\"},{\"@type\":\"ListItem\",\"position\":2,\"name\":\"test\"}]},{\"@type\":\"WebSite\",\"@id\":\"https:\/\/www.aqva.se\/#website\",\"url\":\"https:\/\/www.aqva.se\/\",\"name\":\"Hotell Aqva\",\"description\":\"Ett Kranm\u00e4rkt Biosf\u00e4rhotell med fokus p\u00e5 h\u00e5llbarhet! Mysigt, litet, centralt i Mariestad!\",\"publisher\":{\"@id\":\"https:\/\/www.aqva.se\/#organization\"},\"potentialAction\":[{\"@type\":\"SearchAction\",\"target\":{\"@type\":\"EntryPoint\",\"urlTemplate\":\"https:\/\/www.aqva.se\/?s={search_term_string}\"},\"query-input\":{\"@type\":\"PropertyValueSpecification\",\"valueRequired\":true,\"valueName\":\"search_term_string\"}}],\"inLanguage\":\"en-US\"},{\"@type\":\"Organization\",\"@id\":\"https:\/\/www.aqva.se\/#organization\",\"name\":\"Hotell Aqva i Mariestad\",\"url\":\"https:\/\/www.aqva.se\/\",\"logo\":{\"@type\":\"ImageObject\",\"inLanguage\":\"en-US\",\"@id\":\"https:\/\/www.aqva.se\/#\/schema\/logo\/image\/\",\"url\":\"https:\/\/www.aqva.se\/wp-content\/uploads\/2020\/03\/Logotyp.png\",\"contentUrl\":\"https:\/\/www.aqva.se\/wp-content\/uploads\/2020\/03\/Logotyp.png\",\"width\":200,\"height\":102,\"caption\":\"Hotell Aqva i Mariestad\"},\"image\":{\"@id\":\"https:\/\/www.aqva.se\/#\/schema\/logo\/image\/\"}}]}<\/script>\n<!-- \/ Yoast SEO plugin. -->","yoast_head_json":{"title":"test - Hotell Aqva","robots":{"index":"index","follow":"follow","max-snippet":"max-snippet:-1","max-image-preview":"max-image-preview:large","max-video-preview":"max-video-preview:-1"},"canonical":"https:\/\/www.aqva.se\/en\/test\/","og_locale":"en_US","og_type":"article","og_title":"test - Hotell Aqva","og_url":"https:\/\/www.aqva.se\/en\/test\/","og_site_name":"Hotell Aqva","article_modified_time":"2025-03-26T13:55:19+00:00","twitter_card":"summary_large_image","twitter_misc":{"Est. reading time":"1 minute"},"schema":{"@context":"https:\/\/schema.org","@graph":[{"@type":"WebPage","@id":"https:\/\/www.aqva.se\/test\/","url":"https:\/\/www.aqva.se\/test\/","name":"test - Hotell Aqva","isPartOf":{"@id":"https:\/\/www.aqva.se\/#website"},"datePublished":"2025-03-26T13:54:08+00:00","dateModified":"2025-03-26T13:55:19+00:00","breadcrumb":{"@id":"https:\/\/www.aqva.se\/test\/#breadcrumb"},"inLanguage":"en-US","potentialAction":[{"@type":"ReadAction","target":["https:\/\/www.aqva.se\/test\/"]}]},{"@type":"BreadcrumbList","@id":"https:\/\/www.aqva.se\/test\/#breadcrumb","itemListElement":[{"@type":"ListItem","position":1,"name":"Hem","item":"https:\/\/www.aqva.se\/"},{"@type":"ListItem","position":2,"name":"test"}]},{"@type":"WebSite","@id":"https:\/\/www.aqva.se\/#website","url":"https:\/\/www.aqva.se\/","name":"Hotell Aqva","description":"Ett Kranm\u00e4rkt Biosf\u00e4rhotell med fokus p\u00e5 h\u00e5llbarhet! Mysigt, litet, centralt i Mariestad!","publisher":{"@id":"https:\/\/www.aqva.se\/#organization"},"potentialAction":[{"@type":"SearchAction","target":{"@type":"EntryPoint","urlTemplate":"https:\/\/www.aqva.se\/?s={search_term_string}"},"query-input":{"@type":"PropertyValueSpecification","valueRequired":true,"valueName":"search_term_string"}}],"inLanguage":"en-US"},{"@type":"Organization","@id":"https:\/\/www.aqva.se\/#organization","name":"Hotell Aqva i Mariestad","url":"https:\/\/www.aqva.se\/","logo":{"@type":"ImageObject","inLanguage":"en-US","@id":"https:\/\/www.aqva.se\/#\/schema\/logo\/image\/","url":"https:\/\/www.aqva.se\/wp-content\/uploads\/2020\/03\/Logotyp.png","contentUrl":"https:\/\/www.aqva.se\/wp-content\/uploads\/2020\/03\/Logotyp.png","width":200,"height":102,"caption":"Hotell Aqva i Mariestad"},"image":{"@id":"https:\/\/www.aqva.se\/#\/schema\/logo\/image\/"}}]}},"_links":{"self":[{"href":"https:\/\/www.aqva.se\/en\/wp-json\/wp\/v2\/pages\/1768"}],"collection":[{"href":"https:\/\/www.aqva.se\/en\/wp-json\/wp\/v2\/pages"}],"about":[{"href":"https:\/\/www.aqva.se\/en\/wp-json\/wp\/v2\/types\/page"}],"author":[{"embeddable":true,"href":"https:\/\/www.aqva.se\/en\/wp-json\/wp\/v2\/users\/1"}],"replies":[{"embeddable":true,"href":"https:\/\/www.aqva.se\/en\/wp-json\/wp\/v2\/comments?post=1768"}],"version-history":[{"count":2,"href":"https:\/\/www.aqva.se\/en\/wp-json\/wp\/v2\/pages\/1768\/revisions"}],"predecessor-version":[{"id":1770,"href":"https:\/\/www.aqva.se\/en\/wp-json\/wp\/v2\/pages\/1768\/revisions\/1770"}],"wp:attachment":[{"href":"https:\/\/www.aqva.se\/en\/wp-json\/wp\/v2\/media?parent=1768"}],"curies":[{"name":"wp","href":"https:\/\/api.w.org\/{rel}","templated":true}]}}