{"id":1639,"date":"2023-11-25T11:10:28","date_gmt":"2023-11-25T11:10:28","guid":{"rendered":"https:\/\/www.aqva.se\/?page_id=1639"},"modified":"2023-11-26T12:04:39","modified_gmt":"2023-11-26T12:04:39","slug":"1639-2","status":"publish","type":"page","link":"https:\/\/www.aqva.se\/en\/1639-2\/","title":{"rendered":"Hotell Aqva Synpunkter"},"content":{"rendered":"<p><div class=\"fusion-fullwidth fullwidth-box fusion-builder-row-1 nonhundred-percent-fullwidth non-hundred-percent-height-scrolling\" style=\"--awb-border-radius-top-left:0px;--awb-border-radius-top-right:0px;--awb-border-radius-bottom-right:0px;--awb-border-radius-bottom-left:0px;--awb-flex-wrap:wrap;\" ><div class=\"fusion-builder-row fusion-row\"><div class=\"fusion-layout-column fusion_builder_column fusion-builder-column-0 fusion_builder_column_1_1 1_1 fusion-one-full fusion-column-first fusion-column-last\" style=\"--awb-bg-image:url(&#039;https:\/\/www.aqva.se\/wp-content\/uploads\/2023\/11\/Namnlos-design-2-724x1024.png&#039;);--awb-bg-size:cover;--awb-margin-bottom:0px;\"><div class=\"fusion-column-wrapper fusion-flex-column-wrapper-legacy fusion-column-has-bg-image\" data-bg-url=\"https:\/\/www.aqva.se\/wp-content\/uploads\/2023\/11\/Namnlos-design-2-724x1024.png\"><div class=\"fusion-text fusion-text-1\"><style id=\"wpforms-css-vars-1633\">\n\t\t\t\t#wpforms-1633 {\n\t\t\t\t\n\t\t\t}\n\t\t\t<\/style><div class=\"wpforms-container wpforms-container-full wpforms-render-modern\" id=\"wpforms-1633\"><form id=\"wpforms-form-1633\" class=\"wpforms-validate wpforms-form wpforms-ajax-form\" data-formid=\"1633\" method=\"post\" enctype=\"multipart\/form-data\" action=\"\/en\/wp-json\/wp\/v2\/pages\/1639\" data-token=\"bf19b0dc7d2873d6eb51085e68fc8937\" data-token-time=\"1776932854\" data-trp-original-action=\"\/en\/wp-json\/wp\/v2\/pages\/1639\"><noscript class=\"wpforms-error-noscript\">Please enable JavaScript in your browser to complete this form.<\/noscript><div id=\"wpforms-error-noscript\" style=\"display: none;\">Please enable JavaScript in your browser to complete this form.<\/div><div class=\"wpforms-field-container\"><div id=\"wpforms-1633-field_1-container\" class=\"wpforms-field wpforms-field-text\" data-field-id=\"1\"><label class=\"wpforms-field-label\" for=\"wpforms-1633-field_1\">F\u00f6r- och efternamn: <span class=\"wpforms-required-label\" aria-hidden=\"true\">*<\/span><\/label><input type=\"text\" id=\"wpforms-1633-field_1\" class=\"wpforms-field-small wpforms-field-required\" name=\"wpforms[fields][1]\" aria-errormessage=\"wpforms-1633-field_1-error\" required><\/div><div id=\"wpforms-1633-field_18-container\" class=\"wpforms-field wpforms-field-text\" data-field-id=\"18\"><label class=\"wpforms-field-label\" for=\"wpforms-1633-field_18\">Rumsnummer och datum: <span class=\"wpforms-required-label\" aria-hidden=\"true\">*<\/span><\/label><input type=\"text\" id=\"wpforms-1633-field_18\" class=\"wpforms-field-small wpforms-field-required\" name=\"wpforms[fields][18]\" aria-errormessage=\"wpforms-1633-field_18-error\" required><\/div><div id=\"wpforms-1633-field_3-container\" class=\"wpforms-field wpforms-field-email\" data-field-id=\"3\"><label class=\"wpforms-field-label\" for=\"wpforms-1633-field_3\">Email: <span class=\"wpforms-required-label\" aria-hidden=\"true\">*<\/span><\/label><input type=\"email\" id=\"wpforms-1633-field_3\" class=\"wpforms-field-small wpforms-field-required\" name=\"wpforms[fields][3]\" spellcheck=\"false\" aria-errormessage=\"wpforms-1633-field_3-error\" required><\/div><div id=\"wpforms-1633-field_4-container\" class=\"wpforms-field wpforms-field-text\" data-field-id=\"4\"><label class=\"wpforms-field-label\" for=\"wpforms-1633-field_4\">Telefonnummer: <span class=\"wpforms-required-label\" aria-hidden=\"true\">*<\/span><\/label><input type=\"text\" id=\"wpforms-1633-field_4\" class=\"wpforms-field-small wpforms-field-required\" name=\"wpforms[fields][4]\" aria-errormessage=\"wpforms-1633-field_4-error\" required><\/div><div id=\"wpforms-1633-field_5-container\" class=\"wpforms-field wpforms-field-checkbox\" data-field-id=\"5\"><fieldset><legend class=\"wpforms-field-label\">Vilket bokningssystem anv\u00e4nde du n\u00e4r du bokade?<\/legend><ul id=\"wpforms-1633-field_5\"><li class=\"choice-1 depth-1\"><input type=\"checkbox\" id=\"wpforms-1633-field_5_1\" name=\"wpforms[fields][5][]\" value=\"Booking.com\" aria-errormessage=\"wpforms-1633-field_5_1-error\" aria-describedby=\"wpforms-1633-field_5-description\"  ><label class=\"wpforms-field-label-inline\" for=\"wpforms-1633-field_5_1\">Booking.com<\/label><\/li><li class=\"choice-2 depth-1\"><input type=\"checkbox\" id=\"wpforms-1633-field_5_2\" name=\"wpforms[fields][5][]\" value=\"Hotels.com\" aria-errormessage=\"wpforms-1633-field_5_2-error\" aria-describedby=\"wpforms-1633-field_5-description\"  ><label class=\"wpforms-field-label-inline\" for=\"wpforms-1633-field_5_2\">Hotels.com<\/label><\/li><li class=\"choice-3 depth-1\"><input type=\"checkbox\" id=\"wpforms-1633-field_5_3\" name=\"wpforms[fields][5][]\" value=\"Hemsidan\" aria-errormessage=\"wpforms-1633-field_5_3-error\" aria-describedby=\"wpforms-1633-field_5-description\"  ><label class=\"wpforms-field-label-inline\" for=\"wpforms-1633-field_5_3\">Hemsidan<\/label><\/li><li class=\"choice-4 depth-1\"><input type=\"checkbox\" id=\"wpforms-1633-field_5_4\" name=\"wpforms[fields][5][]\" value=\"Annat\" aria-errormessage=\"wpforms-1633-field_5_4-error\" aria-describedby=\"wpforms-1633-field_5-description\"  ><label class=\"wpforms-field-label-inline\" for=\"wpforms-1633-field_5_4\">Annat<\/label><\/li><\/ul><div id=\"wpforms-1633-field_5-description\" class=\"wpforms-field-description\">Visste du att om du bokar direkt hos oss via mejl eller telefon kan du spara 100kr?<\/div><\/fieldset><\/div><div id=\"wpforms-1633-field_19-container\" class=\"wpforms-field wpforms-field-checkbox\" data-field-id=\"19\"><fieldset><legend class=\"wpforms-field-label\">Hur upplevde ni vistelsen hos oss? <\/legend><ul id=\"wpforms-1633-field_19\"><li class=\"choice-1 depth-1\"><input type=\"checkbox\" id=\"wpforms-1633-field_19_1\" name=\"wpforms[fields][19][]\" value=\"Mycket n\u00f6jd\" aria-errormessage=\"wpforms-1633-field_19_1-error\"  ><label class=\"wpforms-field-label-inline\" for=\"wpforms-1633-field_19_1\">Mycket n\u00f6jd<\/label><\/li><li class=\"choice-2 depth-1\"><input type=\"checkbox\" id=\"wpforms-1633-field_19_2\" name=\"wpforms[fields][19][]\" value=\"N\u00f6jd\" aria-errormessage=\"wpforms-1633-field_19_2-error\"  ><label class=\"wpforms-field-label-inline\" for=\"wpforms-1633-field_19_2\">N\u00f6jd<\/label><\/li><li class=\"choice-3 depth-1\"><input type=\"checkbox\" id=\"wpforms-1633-field_19_3\" name=\"wpforms[fields][19][]\" value=\"Inte n\u00f6jd alls\" aria-errormessage=\"wpforms-1633-field_19_3-error\"  ><label class=\"wpforms-field-label-inline\" for=\"wpforms-1633-field_19_3\">Inte n\u00f6jd alls<\/label><\/li><\/ul><\/fieldset><\/div><div id=\"wpforms-1633-field_6-container\" class=\"wpforms-field wpforms-field-checkbox\" data-field-id=\"6\"><fieldset><legend class=\"wpforms-field-label\">Rumssstandard:<\/legend><ul id=\"wpforms-1633-field_6\"><li class=\"choice-1 depth-1\"><input type=\"checkbox\" id=\"wpforms-1633-field_6_1\" name=\"wpforms[fields][6][]\" value=\"Mycket n\u00f6jd\" aria-errormessage=\"wpforms-1633-field_6_1-error\"  ><label class=\"wpforms-field-label-inline\" for=\"wpforms-1633-field_6_1\">Mycket n\u00f6jd<\/label><\/li><li class=\"choice-2 depth-1\"><input type=\"checkbox\" id=\"wpforms-1633-field_6_2\" name=\"wpforms[fields][6][]\" value=\"N\u00f6jd\" aria-errormessage=\"wpforms-1633-field_6_2-error\"  ><label class=\"wpforms-field-label-inline\" for=\"wpforms-1633-field_6_2\">N\u00f6jd<\/label><\/li><li class=\"choice-3 depth-1\"><input type=\"checkbox\" id=\"wpforms-1633-field_6_3\" name=\"wpforms[fields][6][]\" value=\"Inte n\u00f6jd alls\" aria-errormessage=\"wpforms-1633-field_6_3-error\"  ><label class=\"wpforms-field-label-inline\" for=\"wpforms-1633-field_6_3\">Inte n\u00f6jd alls<\/label><\/li><\/ul><\/fieldset><\/div><div id=\"wpforms-1633-field_7-container\" class=\"wpforms-field wpforms-field-checkbox\" data-field-id=\"7\"><fieldset><legend class=\"wpforms-field-label\">St\u00e4dning:<\/legend><ul id=\"wpforms-1633-field_7\"><li class=\"choice-1 depth-1\"><input type=\"checkbox\" id=\"wpforms-1633-field_7_1\" name=\"wpforms[fields][7][]\" value=\"Mycket n\u00f6jd\" aria-errormessage=\"wpforms-1633-field_7_1-error\"  ><label class=\"wpforms-field-label-inline\" for=\"wpforms-1633-field_7_1\">Mycket n\u00f6jd<\/label><\/li><li class=\"choice-2 depth-1\"><input type=\"checkbox\" id=\"wpforms-1633-field_7_2\" name=\"wpforms[fields][7][]\" value=\"N\u00f6jd\" aria-errormessage=\"wpforms-1633-field_7_2-error\"  ><label class=\"wpforms-field-label-inline\" for=\"wpforms-1633-field_7_2\">N\u00f6jd<\/label><\/li><li class=\"choice-3 depth-1\"><input type=\"checkbox\" id=\"wpforms-1633-field_7_3\" name=\"wpforms[fields][7][]\" value=\"Inte n\u00f6jd alls\" aria-errormessage=\"wpforms-1633-field_7_3-error\"  ><label class=\"wpforms-field-label-inline\" for=\"wpforms-1633-field_7_3\">Inte n\u00f6jd alls<\/label><\/li><\/ul><\/fieldset><\/div><div id=\"wpforms-1633-field_14-container\" class=\"wpforms-field wpforms-field-checkbox\" data-field-id=\"14\"><fieldset><legend class=\"wpforms-field-label\">S\u00e4ng:<\/legend><ul id=\"wpforms-1633-field_14\"><li class=\"choice-1 depth-1\"><input type=\"checkbox\" id=\"wpforms-1633-field_14_1\" name=\"wpforms[fields][14][]\" value=\"Mycket n\u00f6jd\" aria-errormessage=\"wpforms-1633-field_14_1-error\"  ><label class=\"wpforms-field-label-inline\" for=\"wpforms-1633-field_14_1\">Mycket n\u00f6jd<\/label><\/li><li class=\"choice-2 depth-1\"><input type=\"checkbox\" id=\"wpforms-1633-field_14_2\" name=\"wpforms[fields][14][]\" value=\"N\u00f6jd\" aria-errormessage=\"wpforms-1633-field_14_2-error\"  ><label class=\"wpforms-field-label-inline\" for=\"wpforms-1633-field_14_2\">N\u00f6jd<\/label><\/li><li class=\"choice-3 depth-1\"><input type=\"checkbox\" id=\"wpforms-1633-field_14_3\" name=\"wpforms[fields][14][]\" value=\"Inte n\u00f6jd alls\" aria-errormessage=\"wpforms-1633-field_14_3-error\"  ><label class=\"wpforms-field-label-inline\" for=\"wpforms-1633-field_14_3\">Inte n\u00f6jd alls<\/label><\/li><\/ul><\/fieldset><\/div><div id=\"wpforms-1633-field_8-container\" class=\"wpforms-field wpforms-field-checkbox\" data-field-id=\"8\"><fieldset><legend class=\"wpforms-field-label\">Service &amp; v\u00e4rdskap:<\/legend><ul id=\"wpforms-1633-field_8\"><li class=\"choice-1 depth-1\"><input type=\"checkbox\" id=\"wpforms-1633-field_8_1\" name=\"wpforms[fields][8][]\" value=\"Mycket n\u00f6jd\" aria-errormessage=\"wpforms-1633-field_8_1-error\"  ><label class=\"wpforms-field-label-inline\" for=\"wpforms-1633-field_8_1\">Mycket n\u00f6jd<\/label><\/li><li class=\"choice-2 depth-1\"><input type=\"checkbox\" id=\"wpforms-1633-field_8_2\" name=\"wpforms[fields][8][]\" value=\"N\u00f6jd\" aria-errormessage=\"wpforms-1633-field_8_2-error\"  ><label class=\"wpforms-field-label-inline\" for=\"wpforms-1633-field_8_2\">N\u00f6jd<\/label><\/li><li class=\"choice-3 depth-1\"><input type=\"checkbox\" id=\"wpforms-1633-field_8_3\" name=\"wpforms[fields][8][]\" value=\"Inte n\u00f6jd alls\" aria-errormessage=\"wpforms-1633-field_8_3-error\"  ><label class=\"wpforms-field-label-inline\" for=\"wpforms-1633-field_8_3\">Inte n\u00f6jd alls<\/label><\/li><\/ul><\/fieldset><\/div><div id=\"wpforms-1633-field_9-container\" class=\"wpforms-field wpforms-field-checkbox\" data-field-id=\"9\"><fieldset><legend class=\"wpforms-field-label\">Breakfast:<\/legend><ul id=\"wpforms-1633-field_9\"><li class=\"choice-1 depth-1\"><input type=\"checkbox\" id=\"wpforms-1633-field_9_1\" name=\"wpforms[fields][9][]\" value=\"Mycket n\u00f6jd\" aria-errormessage=\"wpforms-1633-field_9_1-error\"  ><label class=\"wpforms-field-label-inline\" for=\"wpforms-1633-field_9_1\">Mycket n\u00f6jd<\/label><\/li><li class=\"choice-2 depth-1\"><input type=\"checkbox\" id=\"wpforms-1633-field_9_2\" name=\"wpforms[fields][9][]\" value=\"N\u00f6jd\" aria-errormessage=\"wpforms-1633-field_9_2-error\"  ><label class=\"wpforms-field-label-inline\" for=\"wpforms-1633-field_9_2\">N\u00f6jd<\/label><\/li><li class=\"choice-3 depth-1\"><input type=\"checkbox\" id=\"wpforms-1633-field_9_3\" name=\"wpforms[fields][9][]\" value=\"Inte n\u00f6jd alls\" aria-errormessage=\"wpforms-1633-field_9_3-error\"  ><label class=\"wpforms-field-label-inline\" for=\"wpforms-1633-field_9_3\">Inte n\u00f6jd alls<\/label><\/li><\/ul><\/fieldset><\/div><div id=\"wpforms-1633-field_10-container\" class=\"wpforms-field wpforms-field-checkbox\" data-field-id=\"10\"><fieldset><legend class=\"wpforms-field-label\">Restaurangen:<\/legend><ul id=\"wpforms-1633-field_10\"><li class=\"choice-1 depth-1\"><input type=\"checkbox\" id=\"wpforms-1633-field_10_1\" name=\"wpforms[fields][10][]\" value=\"Mycket n\u00f6jd\" aria-errormessage=\"wpforms-1633-field_10_1-error\"  ><label class=\"wpforms-field-label-inline\" for=\"wpforms-1633-field_10_1\">Mycket n\u00f6jd<\/label><\/li><li class=\"choice-2 depth-1\"><input type=\"checkbox\" id=\"wpforms-1633-field_10_2\" name=\"wpforms[fields][10][]\" value=\"N\u00f6jd\" aria-errormessage=\"wpforms-1633-field_10_2-error\"  ><label class=\"wpforms-field-label-inline\" for=\"wpforms-1633-field_10_2\">N\u00f6jd<\/label><\/li><li class=\"choice-3 depth-1\"><input type=\"checkbox\" id=\"wpforms-1633-field_10_3\" name=\"wpforms[fields][10][]\" value=\"Inte n\u00f6jd alls\" aria-errormessage=\"wpforms-1633-field_10_3-error\"  ><label class=\"wpforms-field-label-inline\" for=\"wpforms-1633-field_10_3\">Inte n\u00f6jd alls<\/label><\/li><\/ul><\/fieldset><\/div><div id=\"wpforms-1633-field_11-container\" class=\"wpforms-field wpforms-field-checkbox\" data-field-id=\"11\"><fieldset><legend class=\"wpforms-field-label\">Atmosf\u00e4r:<\/legend><ul id=\"wpforms-1633-field_11\"><li class=\"choice-1 depth-1\"><input type=\"checkbox\" id=\"wpforms-1633-field_11_1\" name=\"wpforms[fields][11][]\" value=\"Mycket n\u00f6jd\" aria-errormessage=\"wpforms-1633-field_11_1-error\"  ><label class=\"wpforms-field-label-inline\" for=\"wpforms-1633-field_11_1\">Mycket n\u00f6jd<\/label><\/li><li class=\"choice-2 depth-1\"><input type=\"checkbox\" id=\"wpforms-1633-field_11_2\" name=\"wpforms[fields][11][]\" value=\"N\u00f6jd\" aria-errormessage=\"wpforms-1633-field_11_2-error\"  ><label class=\"wpforms-field-label-inline\" for=\"wpforms-1633-field_11_2\">N\u00f6jd<\/label><\/li><li class=\"choice-3 depth-1\"><input type=\"checkbox\" id=\"wpforms-1633-field_11_3\" name=\"wpforms[fields][11][]\" value=\"Inte n\u00f6jd alls\" aria-errormessage=\"wpforms-1633-field_11_3-error\"  ><label class=\"wpforms-field-label-inline\" for=\"wpforms-1633-field_11_3\">Inte n\u00f6jd alls<\/label><\/li><\/ul><\/fieldset><\/div><div id=\"wpforms-1633-field_15-container\" class=\"wpforms-field wpforms-field-checkbox\" data-field-id=\"15\"><fieldset><legend class=\"wpforms-field-label\">Prisv\u00e4rd:<\/legend><ul id=\"wpforms-1633-field_15\"><li class=\"choice-1 depth-1\"><input type=\"checkbox\" id=\"wpforms-1633-field_15_1\" name=\"wpforms[fields][15][]\" value=\"Ja\" aria-errormessage=\"wpforms-1633-field_15_1-error\"  ><label class=\"wpforms-field-label-inline\" for=\"wpforms-1633-field_15_1\">Ja<\/label><\/li><li class=\"choice-2 depth-1\"><input type=\"checkbox\" id=\"wpforms-1633-field_15_2\" name=\"wpforms[fields][15][]\" value=\"Nej\" aria-errormessage=\"wpforms-1633-field_15_2-error\"  ><label class=\"wpforms-field-label-inline\" for=\"wpforms-1633-field_15_2\">Nej<\/label><\/li><\/ul><\/fieldset><\/div><div id=\"wpforms-1633-field_12-container\" class=\"wpforms-field wpforms-field-checkbox\" data-field-id=\"12\"><fieldset><legend class=\"wpforms-field-label\">Kommer ni att bes\u00f6ka oss igen?<\/legend><ul id=\"wpforms-1633-field_12\"><li class=\"choice-1 depth-1\"><input type=\"checkbox\" id=\"wpforms-1633-field_12_1\" name=\"wpforms[fields][12][]\" value=\"Ja\" aria-errormessage=\"wpforms-1633-field_12_1-error\"  ><label class=\"wpforms-field-label-inline\" for=\"wpforms-1633-field_12_1\">Ja<\/label><\/li><li class=\"choice-2 depth-1\"><input type=\"checkbox\" id=\"wpforms-1633-field_12_2\" name=\"wpforms[fields][12][]\" value=\"Nej\" aria-errormessage=\"wpforms-1633-field_12_2-error\"  ><label class=\"wpforms-field-label-inline\" for=\"wpforms-1633-field_12_2\">Nej<\/label><\/li><\/ul><\/fieldset><\/div><div id=\"wpforms-1633-field_13-container\" class=\"wpforms-field wpforms-field-checkbox\" data-field-id=\"13\"><fieldset><legend class=\"wpforms-field-label\">Skulle ni rekommendera hotellet?<\/legend><ul id=\"wpforms-1633-field_13\"><li class=\"choice-1 depth-1\"><input type=\"checkbox\" id=\"wpforms-1633-field_13_1\" name=\"wpforms[fields][13][]\" value=\"Ja\" aria-errormessage=\"wpforms-1633-field_13_1-error\"  ><label class=\"wpforms-field-label-inline\" for=\"wpforms-1633-field_13_1\">Ja<\/label><\/li><li class=\"choice-2 depth-1\"><input type=\"checkbox\" id=\"wpforms-1633-field_13_2\" name=\"wpforms[fields][13][]\" value=\"Nej\" aria-errormessage=\"wpforms-1633-field_13_2-error\"  ><label class=\"wpforms-field-label-inline\" for=\"wpforms-1633-field_13_2\">Nej<\/label><\/li><\/ul><\/fieldset><\/div><div id=\"wpforms-1633-field_17-container\" class=\"wpforms-field wpforms-field-textarea\" data-field-id=\"17\"><label class=\"wpforms-field-label\" for=\"wpforms-1633-field_17\">\u00d6vriga synpunkter:<\/label><textarea id=\"wpforms-1633-field_17\" class=\"wpforms-field-medium\" name=\"wpforms[fields][17]\" aria-errormessage=\"wpforms-1633-field_17-error\" ><\/textarea><\/div><\/div><!-- .wpforms-field-container --><div class=\"wpforms-submit-container\" ><input type=\"hidden\" name=\"wpforms[id]\" value=\"1633\"><input type=\"hidden\" name=\"page_title\" value=\"\"><input type=\"hidden\" name=\"page_url\" value=\"https:\/\/www.aqva.se\/en\/wp-json\/wp\/v2\/pages\/1639\"><input type=\"hidden\" name=\"url_referer\" value=\"\"><button type=\"submit\" name=\"wpforms[submit]\" id=\"wpforms-submit-1633\" class=\"wpforms-submit\" data-alt-text=\"Skickar \u2026\" data-submit-text=\"Skicka\" aria-live=\"assertive\" value=\"wpforms-submit\">Skicka<\/button><img decoding=\"async\" src=\"https:\/\/www.aqva.se\/wp-content\/plugins\/wpforms-lite\/assets\/images\/submit-spin.svg\" class=\"wpforms-submit-spinner\" style=\"display: none;\" width=\"26\" height=\"26\" alt=\"Loading\"><\/div><input type=\"hidden\" name=\"trp-form-language\" value=\"en\"\/><\/form><\/div>  <!-- .wpforms-container -->\n<\/div><div class=\"fusion-clearfix\"><\/div><\/div><\/div><\/div><\/div><div class=\"fusion-fullwidth fullwidth-box fusion-builder-row-2 fusion-flex-container nonhundred-percent-fullwidth non-hundred-percent-height-scrolling\" style=\"--awb-border-radius-top-left:0px;--awb-border-radius-top-right:0px;--awb-border-radius-bottom-right:0px;--awb-border-radius-bottom-left:0px;--awb-flex-wrap:wrap;\" ><div class=\"fusion-builder-row fusion-row fusion-flex-align-items-flex-start fusion-flex-content-wrap\" style=\"max-width:1320.8px;margin-left: calc(-4% \/ 2 );margin-right: calc(-4% \/ 2 );\"><\/div><\/div><\/p>","protected":false},"excerpt":{"rendered":"","protected":false},"author":3,"featured_media":0,"parent":0,"menu_order":0,"comment_status":"closed","ping_status":"closed","template":"","meta":{"footnotes":""},"class_list":["post-1639","page","type-page","status-publish","hentry"],"yoast_head":"<!-- This site is optimized with the Yoast SEO plugin v24.7 - https:\/\/yoast.com\/wordpress\/plugins\/seo\/ -->\n<title>Hotell Aqva Synpunkter - Hotell Aqva<\/title>\n<meta name=\"robots\" content=\"index, follow, max-snippet:-1, max-image-preview:large, max-video-preview:-1\" \/>\n<link rel=\"canonical\" href=\"https:\/\/www.aqva.se\/en\/1639-2\/\" \/>\n<meta property=\"og:locale\" content=\"en_US\" \/>\n<meta property=\"og:type\" content=\"article\" \/>\n<meta property=\"og:title\" content=\"Hotell Aqva Synpunkter - Hotell Aqva\" \/>\n<meta property=\"og:url\" content=\"https:\/\/www.aqva.se\/en\/1639-2\/\" \/>\n<meta property=\"og:site_name\" content=\"Hotell Aqva\" \/>\n<meta property=\"article:modified_time\" content=\"2023-11-26T12:04:39+00:00\" \/>\n<meta name=\"twitter:card\" content=\"summary_large_image\" \/>\n<meta name=\"twitter:label1\" content=\"Est. reading time\" \/>\n\t<meta name=\"twitter:data1\" content=\"2 minutes\" \/>\n<script type=\"application\/ld+json\" class=\"yoast-schema-graph\">{\"@context\":\"https:\/\/schema.org\",\"@graph\":[{\"@type\":\"WebPage\",\"@id\":\"https:\/\/www.aqva.se\/1639-2\/\",\"url\":\"https:\/\/www.aqva.se\/1639-2\/\",\"name\":\"Hotell Aqva Synpunkter - Hotell Aqva\",\"isPartOf\":{\"@id\":\"https:\/\/www.aqva.se\/#website\"},\"datePublished\":\"2023-11-25T11:10:28+00:00\",\"dateModified\":\"2023-11-26T12:04:39+00:00\",\"breadcrumb\":{\"@id\":\"https:\/\/www.aqva.se\/1639-2\/#breadcrumb\"},\"inLanguage\":\"en-US\",\"potentialAction\":[{\"@type\":\"ReadAction\",\"target\":[\"https:\/\/www.aqva.se\/1639-2\/\"]}]},{\"@type\":\"BreadcrumbList\",\"@id\":\"https:\/\/www.aqva.se\/1639-2\/#breadcrumb\",\"itemListElement\":[{\"@type\":\"ListItem\",\"position\":1,\"name\":\"Hem\",\"item\":\"https:\/\/www.aqva.se\/\"},{\"@type\":\"ListItem\",\"position\":2,\"name\":\"Hotell Aqva Synpunkter\"}]},{\"@type\":\"WebSite\",\"@id\":\"https:\/\/www.aqva.se\/#website\",\"url\":\"https:\/\/www.aqva.se\/\",\"name\":\"Hotell Aqva\",\"description\":\"Ett Kranm\u00e4rkt Biosf\u00e4rhotell med fokus p\u00e5 h\u00e5llbarhet! Mysigt, litet, centralt i Mariestad!\",\"publisher\":{\"@id\":\"https:\/\/www.aqva.se\/#organization\"},\"potentialAction\":[{\"@type\":\"SearchAction\",\"target\":{\"@type\":\"EntryPoint\",\"urlTemplate\":\"https:\/\/www.aqva.se\/?s={search_term_string}\"},\"query-input\":{\"@type\":\"PropertyValueSpecification\",\"valueRequired\":true,\"valueName\":\"search_term_string\"}}],\"inLanguage\":\"en-US\"},{\"@type\":\"Organization\",\"@id\":\"https:\/\/www.aqva.se\/#organization\",\"name\":\"Hotell Aqva i Mariestad\",\"url\":\"https:\/\/www.aqva.se\/\",\"logo\":{\"@type\":\"ImageObject\",\"inLanguage\":\"en-US\",\"@id\":\"https:\/\/www.aqva.se\/#\/schema\/logo\/image\/\",\"url\":\"https:\/\/www.aqva.se\/wp-content\/uploads\/2020\/03\/Logotyp.png\",\"contentUrl\":\"https:\/\/www.aqva.se\/wp-content\/uploads\/2020\/03\/Logotyp.png\",\"width\":200,\"height\":102,\"caption\":\"Hotell Aqva i Mariestad\"},\"image\":{\"@id\":\"https:\/\/www.aqva.se\/#\/schema\/logo\/image\/\"}}]}<\/script>\n<!-- \/ Yoast SEO plugin. -->","yoast_head_json":{"title":"Hotell Aqva Synpunkter - Hotell Aqva","robots":{"index":"index","follow":"follow","max-snippet":"max-snippet:-1","max-image-preview":"max-image-preview:large","max-video-preview":"max-video-preview:-1"},"canonical":"https:\/\/www.aqva.se\/en\/1639-2\/","og_locale":"en_US","og_type":"article","og_title":"Hotell Aqva Synpunkter - Hotell Aqva","og_url":"https:\/\/www.aqva.se\/en\/1639-2\/","og_site_name":"Hotell Aqva","article_modified_time":"2023-11-26T12:04:39+00:00","twitter_card":"summary_large_image","twitter_misc":{"Est. reading time":"2 minutes"},"schema":{"@context":"https:\/\/schema.org","@graph":[{"@type":"WebPage","@id":"https:\/\/www.aqva.se\/1639-2\/","url":"https:\/\/www.aqva.se\/1639-2\/","name":"Hotell Aqva Synpunkter - Hotell Aqva","isPartOf":{"@id":"https:\/\/www.aqva.se\/#website"},"datePublished":"2023-11-25T11:10:28+00:00","dateModified":"2023-11-26T12:04:39+00:00","breadcrumb":{"@id":"https:\/\/www.aqva.se\/1639-2\/#breadcrumb"},"inLanguage":"en-US","potentialAction":[{"@type":"ReadAction","target":["https:\/\/www.aqva.se\/1639-2\/"]}]},{"@type":"BreadcrumbList","@id":"https:\/\/www.aqva.se\/1639-2\/#breadcrumb","itemListElement":[{"@type":"ListItem","position":1,"name":"Hem","item":"https:\/\/www.aqva.se\/"},{"@type":"ListItem","position":2,"name":"Hotell Aqva Synpunkter"}]},{"@type":"WebSite","@id":"https:\/\/www.aqva.se\/#website","url":"https:\/\/www.aqva.se\/","name":"Hotell Aqva","description":"Ett Kranm\u00e4rkt Biosf\u00e4rhotell med fokus p\u00e5 h\u00e5llbarhet! Mysigt, litet, centralt i Mariestad!","publisher":{"@id":"https:\/\/www.aqva.se\/#organization"},"potentialAction":[{"@type":"SearchAction","target":{"@type":"EntryPoint","urlTemplate":"https:\/\/www.aqva.se\/?s={search_term_string}"},"query-input":{"@type":"PropertyValueSpecification","valueRequired":true,"valueName":"search_term_string"}}],"inLanguage":"en-US"},{"@type":"Organization","@id":"https:\/\/www.aqva.se\/#organization","name":"Hotell Aqva i Mariestad","url":"https:\/\/www.aqva.se\/","logo":{"@type":"ImageObject","inLanguage":"en-US","@id":"https:\/\/www.aqva.se\/#\/schema\/logo\/image\/","url":"https:\/\/www.aqva.se\/wp-content\/uploads\/2020\/03\/Logotyp.png","contentUrl":"https:\/\/www.aqva.se\/wp-content\/uploads\/2020\/03\/Logotyp.png","width":200,"height":102,"caption":"Hotell Aqva i Mariestad"},"image":{"@id":"https:\/\/www.aqva.se\/#\/schema\/logo\/image\/"}}]}},"_links":{"self":[{"href":"https:\/\/www.aqva.se\/en\/wp-json\/wp\/v2\/pages\/1639"}],"collection":[{"href":"https:\/\/www.aqva.se\/en\/wp-json\/wp\/v2\/pages"}],"about":[{"href":"https:\/\/www.aqva.se\/en\/wp-json\/wp\/v2\/types\/page"}],"author":[{"embeddable":true,"href":"https:\/\/www.aqva.se\/en\/wp-json\/wp\/v2\/users\/3"}],"replies":[{"embeddable":true,"href":"https:\/\/www.aqva.se\/en\/wp-json\/wp\/v2\/comments?post=1639"}],"version-history":[{"count":8,"href":"https:\/\/www.aqva.se\/en\/wp-json\/wp\/v2\/pages\/1639\/revisions"}],"predecessor-version":[{"id":1662,"href":"https:\/\/www.aqva.se\/en\/wp-json\/wp\/v2\/pages\/1639\/revisions\/1662"}],"wp:attachment":[{"href":"https:\/\/www.aqva.se\/en\/wp-json\/wp\/v2\/media?parent=1639"}],"curies":[{"name":"wp","href":"https:\/\/api.w.org\/{rel}","templated":true}]}}