{"id":1600,"date":"2023-11-24T16:37:55","date_gmt":"2023-11-24T16:37:55","guid":{"rendered":"https:\/\/www.aqva.se\/?page_id=1600"},"modified":"2023-11-26T12:51:42","modified_gmt":"2023-11-26T12:51:42","slug":"1600-2","status":"publish","type":"page","link":"https:\/\/www.aqva.se\/en\/1600-2\/","title":{"rendered":""},"content":{"rendered":"<div class=\"fusion-fullwidth fullwidth-box fusion-builder-row-1 nonhundred-percent-fullwidth non-hundred-percent-height-scrolling\" style=\"--awb-border-radius-top-left:0px;--awb-border-radius-top-right:0px;--awb-border-radius-bottom-right:0px;--awb-border-radius-bottom-left:0px;--awb-flex-wrap:wrap;\" ><div class=\"fusion-builder-row fusion-row\"><div class=\"fusion-layout-column fusion_builder_column fusion-builder-column-0 fusion_builder_column_1_1 1_1 fusion-one-full fusion-column-first fusion-column-last\" style=\"--awb-bg-color:#d6d6d6;--awb-bg-color-hover:#d6d6d6;--awb-bg-image:url(&#039;https:\/\/www.aqva.se\/wp-content\/uploads\/2023\/11\/Tack-for-att-du-2-724x1024.png&#039;);--awb-bg-position:right center;--awb-bg-size:cover;--awb-margin-bottom:0px;\"><div class=\"fusion-column-wrapper fusion-flex-column-wrapper-legacy fusion-column-has-bg-image\" data-bg-url=\"https:\/\/www.aqva.se\/wp-content\/uploads\/2023\/11\/Tack-for-att-du-2-724x1024.png\"><div class=\"fusion-text fusion-text-1\"><style id=\"wpforms-css-vars-1594\">\n\t\t\t\t#wpforms-1594 {\n\t\t\t\t\n\t\t\t}\n\t\t\t<\/style><div class=\"wpforms-container wpforms-container-full wpforms-render-modern\" id=\"wpforms-1594\"><form id=\"wpforms-form-1594\" class=\"wpforms-validate wpforms-form wpforms-ajax-form\" data-formid=\"1594\" method=\"post\" enctype=\"multipart\/form-data\" action=\"\/en\/wp-json\/wp\/v2\/pages\/1600\" data-token=\"323057ecb9f7c2a3232fec2ffd5eb970\" data-token-time=\"1777555266\" data-trp-original-action=\"\/en\/wp-json\/wp\/v2\/pages\/1600\"><noscript class=\"wpforms-error-noscript\">Please enable JavaScript in your browser to complete this form.<\/noscript><div id=\"wpforms-error-noscript\" style=\"display: none;\">Please enable JavaScript in your browser to complete this form.<\/div><div class=\"wpforms-field-container\"><div id=\"wpforms-1594-field_1-container\" class=\"wpforms-field wpforms-field-text\" data-field-id=\"1\"><label class=\"wpforms-field-label\" for=\"wpforms-1594-field_1\">Ankomstdatum: <span class=\"wpforms-required-label\" aria-hidden=\"true\">*<\/span><\/label><input type=\"text\" id=\"wpforms-1594-field_1\" class=\"wpforms-field-small wpforms-field-required\" name=\"wpforms[fields][1]\" aria-errormessage=\"wpforms-1594-field_1-error\" aria-describedby=\"wpforms-1594-field_1-description\" required><div id=\"wpforms-1594-field_1-description\" class=\"wpforms-field-description\">Tillg\u00e4ngligheten kommer att kontrolleras och din bekr\u00e4ftelse kommer att skickas till den angivna e-postadressen.<\/div><\/div><div id=\"wpforms-1594-field_5-container\" class=\"wpforms-field wpforms-field-text\" data-field-id=\"5\"><label class=\"wpforms-field-label\" for=\"wpforms-1594-field_5\">Avresedatum: <span class=\"wpforms-required-label\" aria-hidden=\"true\">*<\/span><\/label><input type=\"text\" id=\"wpforms-1594-field_5\" class=\"wpforms-field-small wpforms-field-required\" name=\"wpforms[fields][5]\" aria-errormessage=\"wpforms-1594-field_5-error\" required><\/div><div id=\"wpforms-1594-field_6-container\" class=\"wpforms-field wpforms-field-text\" data-field-id=\"6\"><label class=\"wpforms-field-label\" for=\"wpforms-1594-field_6\">Speldatum: <span class=\"wpforms-required-label\" aria-hidden=\"true\">*<\/span><\/label><input type=\"text\" id=\"wpforms-1594-field_6\" class=\"wpforms-field-small wpforms-field-required\" name=\"wpforms[fields][6]\" aria-errormessage=\"wpforms-1594-field_6-error\" aria-describedby=\"wpforms-1594-field_6-description\" required><div id=\"wpforms-1594-field_6-description\" class=\"wpforms-field-description\">OBS! Golftider bokar du sj\u00e4lv direkt p\u00e5 golfklubben.\r\nMariestads GK 0501-173 83  \/ T\u00f6rebodas GK 0506-123 05<\/div><\/div><div id=\"wpforms-1594-field_19-container\" class=\"wpforms-field wpforms-field-text\" data-field-id=\"19\"><label class=\"wpforms-field-label\" for=\"wpforms-1594-field_19\">Speltid: <span class=\"wpforms-required-label\" aria-hidden=\"true\">*<\/span><\/label><input type=\"text\" id=\"wpforms-1594-field_19\" class=\"wpforms-field-small wpforms-field-required\" name=\"wpforms[fields][19]\" aria-errormessage=\"wpforms-1594-field_19-error\" required><\/div><div id=\"wpforms-1594-field_9-container\" class=\"wpforms-field wpforms-field-text\" data-field-id=\"9\"><label class=\"wpforms-field-label\" for=\"wpforms-1594-field_9\">Bokarens e-postadress: <span class=\"wpforms-required-label\" aria-hidden=\"true\">*<\/span><\/label><input type=\"text\" id=\"wpforms-1594-field_9\" class=\"wpforms-field-small wpforms-field-required\" name=\"wpforms[fields][9]\" aria-errormessage=\"wpforms-1594-field_9-error\" required><\/div><div id=\"wpforms-1594-field_14-container\" class=\"wpforms-field wpforms-field-text\" data-field-id=\"14\"><label class=\"wpforms-field-label\" for=\"wpforms-1594-field_14\">Bokarens mobilnummer: <span class=\"wpforms-required-label\" aria-hidden=\"true\">*<\/span><\/label><input type=\"text\" id=\"wpforms-1594-field_14\" class=\"wpforms-field-small wpforms-field-required\" name=\"wpforms[fields][14]\" aria-errormessage=\"wpforms-1594-field_14-error\" required><\/div><div id=\"wpforms-1594-field_11-container\" class=\"wpforms-field wpforms-field-checkbox\" data-field-id=\"11\"><fieldset><legend class=\"wpforms-field-label\">Golfbana:<\/legend><ul id=\"wpforms-1594-field_11\"><li class=\"choice-1 depth-1\"><input type=\"checkbox\" id=\"wpforms-1594-field_11_1\" name=\"wpforms[fields][11][]\" value=\"Mariestads GK\" aria-errormessage=\"wpforms-1594-field_11_1-error\" aria-describedby=\"wpforms-1594-field_11-description\"  ><label class=\"wpforms-field-label-inline\" for=\"wpforms-1594-field_11_1\">Mariestads GK<\/label><\/li><li class=\"choice-2 depth-1\"><input type=\"checkbox\" id=\"wpforms-1594-field_11_2\" name=\"wpforms[fields][11][]\" value=\"T\u00f6rebodas GK\" aria-errormessage=\"wpforms-1594-field_11_2-error\" aria-describedby=\"wpforms-1594-field_11-description\"  ><label class=\"wpforms-field-label-inline\" for=\"wpforms-1594-field_11_2\">T\u00f6rebodas GK<\/label><\/li><\/ul><div id=\"wpforms-1594-field_11-description\" class=\"wpforms-field-description\">Om 2 dagar bokas med spel p\u00e5 T\u00f6rebodas GK och Mariestads GK, kryssa b\u00e5da rutorna och ange i speldatum raden vilken golfbana vilken dag.\r\n<\/div><\/fieldset><\/div><div id=\"wpforms-1594-field_12-container\" class=\"wpforms-field wpforms-field-textarea\" data-field-id=\"12\"><label class=\"wpforms-field-label\" for=\"wpforms-1594-field_12\">F\u00f6r- och efternamn, mobilnummer till alla g\u00e4ster. Notera vilka som delar ev. rum. Rumstyper: Dubbelrum, Kombirum (dubbelrum med 2 separerade enkels\u00e4ngar) eller Enkelrum <span class=\"wpforms-required-label\" aria-hidden=\"true\">*<\/span><\/label><textarea id=\"wpforms-1594-field_12\" class=\"wpforms-field-medium wpforms-field-required\" name=\"wpforms[fields][12]\" aria-errormessage=\"wpforms-1594-field_12-error\" aria-describedby=\"wpforms-1594-field_12-description\" required><\/textarea><div id=\"wpforms-1594-field_12-description\" class=\"wpforms-field-description\">Exempel: Eva Lundst\u00f6m (tel nr) & Bernt Andersson (tel nr) delar ett dubbelrum<\/div><\/div><div id=\"wpforms-1594-field_7-container\" class=\"wpforms-field wpforms-field-text\" data-field-id=\"7\"><label class=\"wpforms-field-label\" for=\"wpforms-1594-field_7\">Middagsbokning: M\u00e5-to serveras 3-r\u00e4tters golfmeny p\u00e5 Hotell Aqva 18.00-20.00. K\u00f6ket st\u00e4nger kl.20.00. Fr-s\u00f6 serveras 3-r\u00e4tters golfmeny p\u00e5 Tandoori K\u00f6k &amp; Bar (i samma hus). Vilken tid \u00f6nskas middag? (Kl.18.00, Kl.18.30 eller senast Kl.19.00) <span class=\"wpforms-required-label\" aria-hidden=\"true\">*<\/span><\/label><input type=\"text\" id=\"wpforms-1594-field_7\" class=\"wpforms-field-small wpforms-field-required\" name=\"wpforms[fields][7]\" aria-errormessage=\"wpforms-1594-field_7-error\" required><\/div><div id=\"wpforms-1594-field_4-container\" class=\"wpforms-field wpforms-field-text\" data-field-id=\"4\"><label class=\"wpforms-field-label\" for=\"wpforms-1594-field_4\">OBS!! Ange ev. matallergier tack!<\/label><input type=\"text\" id=\"wpforms-1594-field_4\" class=\"wpforms-field-medium\" name=\"wpforms[fields][4]\" aria-errormessage=\"wpforms-1594-field_4-error\" ><\/div><div id=\"wpforms-1594-field_13-container\" class=\"wpforms-field wpforms-field-textarea\" data-field-id=\"13\"><label class=\"wpforms-field-label\" for=\"wpforms-1594-field_13\">\u00d6vrigt:<\/label><textarea id=\"wpforms-1594-field_13\" class=\"wpforms-field-medium\" name=\"wpforms[fields][13]\" aria-errormessage=\"wpforms-1594-field_13-error\" ><\/textarea><\/div><\/div><!-- .wpforms-field-container --><div class=\"wpforms-submit-container\" ><input type=\"hidden\" name=\"wpforms[id]\" value=\"1594\"><input type=\"hidden\" name=\"page_title\" value=\"\"><input type=\"hidden\" name=\"page_url\" value=\"https:\/\/www.aqva.se\/en\/wp-json\/wp\/v2\/pages\/1600\"><input type=\"hidden\" name=\"url_referer\" value=\"\"><button type=\"submit\" name=\"wpforms[submit]\" id=\"wpforms-submit-1594\" class=\"wpforms-submit\" data-alt-text=\"Skickar \u2026\" data-submit-text=\"Skicka\" aria-live=\"assertive\" value=\"wpforms-submit\">Skicka<\/button><img decoding=\"async\" src=\"https:\/\/www.aqva.se\/wp-content\/plugins\/wpforms-lite\/assets\/images\/submit-spin.svg\" class=\"wpforms-submit-spinner\" style=\"display: none;\" width=\"26\" height=\"26\" alt=\"Loading\"><\/div><input type=\"hidden\" name=\"trp-form-language\" value=\"en\"\/><\/form><\/div>  <!-- .wpforms-container -->\n<\/div><div class=\"fusion-clearfix\"><\/div><\/div><\/div><\/div><\/div>","protected":false},"excerpt":{"rendered":"","protected":false},"author":3,"featured_media":0,"parent":0,"menu_order":0,"comment_status":"closed","ping_status":"closed","template":"","meta":{"footnotes":""},"class_list":["post-1600","page","type-page","status-publish","hentry"],"yoast_head":"<!-- This site is optimized with the Yoast SEO plugin v24.7 - https:\/\/yoast.com\/wordpress\/plugins\/seo\/ -->\n<title>- Hotell Aqva<\/title>\n<meta name=\"robots\" content=\"index, follow, max-snippet:-1, max-image-preview:large, max-video-preview:-1\" \/>\n<link rel=\"canonical\" href=\"https:\/\/www.aqva.se\/en\/1600-2\/\" \/>\n<meta property=\"og:locale\" content=\"en_US\" \/>\n<meta property=\"og:type\" content=\"article\" \/>\n<meta property=\"og:title\" content=\"- Hotell Aqva\" \/>\n<meta property=\"og:url\" content=\"https:\/\/www.aqva.se\/en\/1600-2\/\" \/>\n<meta property=\"og:site_name\" content=\"Hotell Aqva\" \/>\n<meta property=\"article:modified_time\" content=\"2023-11-26T12:51:42+00:00\" \/>\n<meta name=\"twitter:card\" content=\"summary_large_image\" \/>\n<meta name=\"twitter:label1\" content=\"Est. reading time\" \/>\n\t<meta name=\"twitter:data1\" content=\"1 minute\" \/>\n<script type=\"application\/ld+json\" class=\"yoast-schema-graph\">{\"@context\":\"https:\/\/schema.org\",\"@graph\":[{\"@type\":\"WebPage\",\"@id\":\"https:\/\/www.aqva.se\/1600-2\/\",\"url\":\"https:\/\/www.aqva.se\/1600-2\/\",\"name\":\"- Hotell Aqva\",\"isPartOf\":{\"@id\":\"https:\/\/www.aqva.se\/#website\"},\"datePublished\":\"2023-11-24T16:37:55+00:00\",\"dateModified\":\"2023-11-26T12:51:42+00:00\",\"inLanguage\":\"en-US\",\"potentialAction\":[{\"@type\":\"ReadAction\",\"target\":[\"https:\/\/www.aqva.se\/1600-2\/\"]}]},{\"@type\":\"WebSite\",\"@id\":\"https:\/\/www.aqva.se\/#website\",\"url\":\"https:\/\/www.aqva.se\/\",\"name\":\"Hotell Aqva\",\"description\":\"Ett Kranm\u00e4rkt Biosf\u00e4rhotell med fokus p\u00e5 h\u00e5llbarhet! Mysigt, litet, centralt i Mariestad!\",\"publisher\":{\"@id\":\"https:\/\/www.aqva.se\/#organization\"},\"potentialAction\":[{\"@type\":\"SearchAction\",\"target\":{\"@type\":\"EntryPoint\",\"urlTemplate\":\"https:\/\/www.aqva.se\/?s={search_term_string}\"},\"query-input\":{\"@type\":\"PropertyValueSpecification\",\"valueRequired\":true,\"valueName\":\"search_term_string\"}}],\"inLanguage\":\"en-US\"},{\"@type\":\"Organization\",\"@id\":\"https:\/\/www.aqva.se\/#organization\",\"name\":\"Hotell Aqva i Mariestad\",\"url\":\"https:\/\/www.aqva.se\/\",\"logo\":{\"@type\":\"ImageObject\",\"inLanguage\":\"en-US\",\"@id\":\"https:\/\/www.aqva.se\/#\/schema\/logo\/image\/\",\"url\":\"https:\/\/www.aqva.se\/wp-content\/uploads\/2020\/03\/Logotyp.png\",\"contentUrl\":\"https:\/\/www.aqva.se\/wp-content\/uploads\/2020\/03\/Logotyp.png\",\"width\":200,\"height\":102,\"caption\":\"Hotell Aqva i Mariestad\"},\"image\":{\"@id\":\"https:\/\/www.aqva.se\/#\/schema\/logo\/image\/\"}}]}<\/script>\n<!-- \/ Yoast SEO plugin. -->","yoast_head_json":{"title":"- Hotell Aqva","robots":{"index":"index","follow":"follow","max-snippet":"max-snippet:-1","max-image-preview":"max-image-preview:large","max-video-preview":"max-video-preview:-1"},"canonical":"https:\/\/www.aqva.se\/en\/1600-2\/","og_locale":"en_US","og_type":"article","og_title":"- Hotell Aqva","og_url":"https:\/\/www.aqva.se\/en\/1600-2\/","og_site_name":"Hotell Aqva","article_modified_time":"2023-11-26T12:51:42+00:00","twitter_card":"summary_large_image","twitter_misc":{"Est. reading time":"1 minute"},"schema":{"@context":"https:\/\/schema.org","@graph":[{"@type":"WebPage","@id":"https:\/\/www.aqva.se\/1600-2\/","url":"https:\/\/www.aqva.se\/1600-2\/","name":"- Hotell Aqva","isPartOf":{"@id":"https:\/\/www.aqva.se\/#website"},"datePublished":"2023-11-24T16:37:55+00:00","dateModified":"2023-11-26T12:51:42+00:00","inLanguage":"en-US","potentialAction":[{"@type":"ReadAction","target":["https:\/\/www.aqva.se\/1600-2\/"]}]},{"@type":"WebSite","@id":"https:\/\/www.aqva.se\/#website","url":"https:\/\/www.aqva.se\/","name":"Hotell Aqva","description":"Ett Kranm\u00e4rkt Biosf\u00e4rhotell med fokus p\u00e5 h\u00e5llbarhet! Mysigt, litet, centralt i Mariestad!","publisher":{"@id":"https:\/\/www.aqva.se\/#organization"},"potentialAction":[{"@type":"SearchAction","target":{"@type":"EntryPoint","urlTemplate":"https:\/\/www.aqva.se\/?s={search_term_string}"},"query-input":{"@type":"PropertyValueSpecification","valueRequired":true,"valueName":"search_term_string"}}],"inLanguage":"en-US"},{"@type":"Organization","@id":"https:\/\/www.aqva.se\/#organization","name":"Hotell Aqva i Mariestad","url":"https:\/\/www.aqva.se\/","logo":{"@type":"ImageObject","inLanguage":"en-US","@id":"https:\/\/www.aqva.se\/#\/schema\/logo\/image\/","url":"https:\/\/www.aqva.se\/wp-content\/uploads\/2020\/03\/Logotyp.png","contentUrl":"https:\/\/www.aqva.se\/wp-content\/uploads\/2020\/03\/Logotyp.png","width":200,"height":102,"caption":"Hotell Aqva i Mariestad"},"image":{"@id":"https:\/\/www.aqva.se\/#\/schema\/logo\/image\/"}}]}},"_links":{"self":[{"href":"https:\/\/www.aqva.se\/en\/wp-json\/wp\/v2\/pages\/1600"}],"collection":[{"href":"https:\/\/www.aqva.se\/en\/wp-json\/wp\/v2\/pages"}],"about":[{"href":"https:\/\/www.aqva.se\/en\/wp-json\/wp\/v2\/types\/page"}],"author":[{"embeddable":true,"href":"https:\/\/www.aqva.se\/en\/wp-json\/wp\/v2\/users\/3"}],"replies":[{"embeddable":true,"href":"https:\/\/www.aqva.se\/en\/wp-json\/wp\/v2\/comments?post=1600"}],"version-history":[{"count":7,"href":"https:\/\/www.aqva.se\/en\/wp-json\/wp\/v2\/pages\/1600\/revisions"}],"predecessor-version":[{"id":1605,"href":"https:\/\/www.aqva.se\/en\/wp-json\/wp\/v2\/pages\/1600\/revisions\/1605"}],"wp:attachment":[{"href":"https:\/\/www.aqva.se\/en\/wp-json\/wp\/v2\/media?parent=1600"}],"curies":[{"name":"wp","href":"https:\/\/api.w.org\/{rel}","templated":true}]}}