{"id":1510,"date":"2023-10-25T06:30:22","date_gmt":"2023-10-25T06:30:22","guid":{"rendered":"https:\/\/www.aqva.se\/?page_id=1510"},"modified":"2025-10-16T12:59:20","modified_gmt":"2025-10-16T12:59:20","slug":"sammanfattat-gastinformation","status":"publish","type":"page","link":"https:\/\/www.aqva.se\/en\/sammanfattat-gastinformation\/","title":{"rendered":"SAMMANFATTAT G\u00c4STINFORMATION"},"content":{"rendered":"<p><div class=\"fusion-fullwidth fullwidth-box fusion-builder-row-1 nonhundred-percent-fullwidth non-hundred-percent-height-scrolling\" style=\"--awb-border-radius-top-left:0px;--awb-border-radius-top-right:0px;--awb-border-radius-bottom-right:0px;--awb-border-radius-bottom-left:0px;--awb-flex-wrap:wrap;\" ><div class=\"fusion-builder-row fusion-row\"><div class=\"fusion-layout-column fusion_builder_column fusion-builder-column-0 fusion_builder_column_1_1 1_1 fusion-one-full fusion-column-first fusion-column-last\" style=\"--awb-bg-size:cover;\"><div class=\"fusion-column-wrapper fusion-column-has-shadow fusion-flex-column-wrapper-legacy\"><div class=\"fusion-text fusion-text-1\"><h1>Guest Information<\/h1>\n<\/div><div class=\"fusion-clearfix\"><\/div><\/div><\/div><div class=\"fusion-layout-column fusion_builder_column fusion-builder-column-1 fusion_builder_column_1_1 1_1 fusion-one-full fusion-column-first fusion-column-last\" style=\"--awb-bg-size:cover;--awb-margin-bottom:0px;\"><div class=\"fusion-column-wrapper fusion-flex-column-wrapper-legacy\"><div class=\"fusion-text fusion-text-2\"><div><strong>Check in<\/strong>:<span style=\"font-weight: normal;\"> 15.00-21.00 <b>Check out<\/b><\/span>: <span style=\"font-weight: normal;\">Latest 11.00<\/span><\/div>\n<p><strong>Breakfast:<\/strong> <span style=\"font-weight: normal;\">Serveras i Restaurangen p\u00e5 entr\u00e9plan: Vardagar 06.30-09.00 Helger 08.00-10.00.Har du \u00f6nskem\u00e5l om andra frukosttider, frukostbricka eller specialkost?<br \/><\/span><\/p>\n<p><strong>Potable tap water:<\/strong> <span style=\"font-weight: normal;\">The water is from Lake V\u00e4nern. Because the quality is soft, the dosage of detergent can be reduced. We are tap-branded from Svenskt Vatten. Vi don't by water in bottles! We use tap water.<\/span><\/p>\n<p><strong>Non-smoking hotel:<\/strong> <span style=\"font-weight: normal;\">Smoking is prohibited throuhout the hotel. If the ban is not followed, a penalty fee of 2000 SEK will be charged.<\/span><\/p>\n<p><strong>Restaurant\/Bar<\/strong>: <span style=\"font-weight: normal;\">\u00d6ppet m\u00e5-to kl. 18-20. \u00d6vriga tider efter behov. M\u00f6jlighet ges f\u00f6r abbonnering och gruppbokningar. K\u00f6ket erbjuder hemlagat och flera n\u00e4rproducerade r\u00e5varor fr\u00e5n Biosf\u00e4romr\u00e5det. Specialiteten \u00e4r V\u00e4nerfisk, V\u00e4nerl\u00f6jrom, kantareller, lingon och bl\u00e5b\u00e4r samt v\u00e5r egentillverkade salsa och ingef\u00e4rs shot.<\/span><\/p>\n<p><strong>Coffee\/Tea\/Cookies<\/strong>: <span style=\"font-weight: normal;\">You are welcome to take what you wish. After closing ours on the first floor.<\/span><\/p>\n<p><strong>Fridge\/Microwave\/Kettle:<\/strong> <span style=\"font-weight: normal;\">En trappa upp fr\u00e5n entr\u00e9plan.<\/span><\/p>\n<p>The receptions phone number: +46 (0)501-19515. We are reachable around the clock and we offer:<\/p>\n<p>          &#8211; <span style=\"font-weight: normal;\">-Sanitary articles, toothbrushes, toothpaste, shamphoo, showergel and sewing kits.<\/span><\/p>\n<p><span style=\"font-weight: normal;\">         -Adapters and chargers for lending<\/span><\/p>\n<p><span style=\"font-weight: normal;\">         &#8211; Tv\u00e4ttservice. 250 SEK\/maskin, Skoputservice, Syservice, Roomservice av frukostmeny<\/span><\/p>\n<p><span style=\"font-weight: normal;\">         -Bathrobe\/slippers for lending. Seat in the bathroom for lending<\/span><\/p>\n<p><span style=\"font-weight: normal;\">         - Varied range of pillows<\/span><\/p>\n<p><span style=\"font-weight: normal;\">         -Freezing of ice for cooler box<\/span><\/p>\n<p><span style=\"font-weight: normal;\">         -Souvenir \"The Tors\u00f6 Wolf\" and \"Unikabox\"<\/span><\/p>\n<p><strong>-Room cleaning:<\/strong> <span style=\"font-weight: normal;\">Carried out every day. If you want your towels to be changed, kindly leave them on the bathroom floor<\/span><\/p>\n<p><strong>-TV Channels: <\/strong><span style=\"font-weight: normal;\">One press on the remote control showes the tv channels: 1-12 basic range where 1 and 2 are goverment channels. The others are commercial channels. 13 Knowlege channel, 14 SVT children\/SVT24, 15FOX, 16 Axess, 17 TCC, 18 FOX analog, 19 P1 Radio, 20 P2 Radio, 21 P3 Radio, P22 P4 Sissu, 23 Local TV.<\/span><\/p>\n<\/div><div class=\"fusion-button-wrapper\"><a class=\"fusion-button button-flat fusion-button-default-size button-default fusion-button-default button-1 fusion-button-default-span fusion-button-default-type\" style=\"--button_text_transform:none;\" target=\"_self\" href=\"https:\/\/www.aqva.se\/en\/hitta-i-mariestad-2\/\"><span class=\"fusion-button-text\">Hitta i Mariestad<\/span><\/a><\/div><div class=\"fusion-clearfix\"><\/div><\/div><\/div><\/div><\/div><div class=\"fusion-fullwidth fullwidth-box fusion-builder-row-2 fusion-flex-container nonhundred-percent-fullwidth non-hundred-percent-height-scrolling\" style=\"--awb-border-radius-top-left:0px;--awb-border-radius-top-right:0px;--awb-border-radius-bottom-right:0px;--awb-border-radius-bottom-left:0px;--awb-flex-wrap:wrap;\" ><div class=\"fusion-builder-row fusion-row fusion-flex-align-items-flex-start fusion-flex-content-wrap\" style=\"max-width:1320.8px;margin-left: calc(-4% \/ 2 );margin-right: calc(-4% \/ 2 );\"><\/div><\/div><div class=\"fusion-fullwidth fullwidth-box fusion-builder-row-3 fusion-flex-container nonhundred-percent-fullwidth non-hundred-percent-height-scrolling\" style=\"--awb-border-radius-top-left:0px;--awb-border-radius-top-right:0px;--awb-border-radius-bottom-right:0px;--awb-border-radius-bottom-left:0px;--awb-flex-wrap:wrap;\" ><div class=\"fusion-builder-row fusion-row fusion-flex-align-items-flex-start fusion-flex-content-wrap\" style=\"max-width:1320.8px;margin-left: calc(-4% \/ 2 );margin-right: calc(-4% \/ 2 );\"><div class=\"fusion-layout-column fusion_builder_column fusion-builder-column-2 fusion_builder_column_1_1 1_1 fusion-flex-column\" style=\"--awb-bg-size:cover;--awb-width-large:100%;--awb-margin-top-large:0px;--awb-spacing-right-large:1.92%;--awb-margin-bottom-large:20px;--awb-spacing-left-large:1.92%;--awb-width-medium:100%;--awb-order-medium:0;--awb-spacing-right-medium:1.92%;--awb-spacing-left-medium:1.92%;--awb-width-small:100%;--awb-order-small:0;--awb-spacing-right-small:1.92%;--awb-spacing-left-small:1.92%;\"><div class=\"fusion-column-wrapper fusion-column-has-shadow fusion-flex-justify-content-flex-start fusion-content-layout-column\"><div class=\"fusion-text fusion-text-3\"><h1>Ber\u00e4tta vad du tycker om oss!<\/h1>\n<\/div><div class=\"fusion-text fusion-text-4\"><p>Dina bes\u00f6k hos oss p\u00e5 Hotell Aqva \u00e4r mycket viktiga f\u00f6r oss och vi uppskattar dina synpunkter.<\/p><\/p>\n<\/div><div ><a class=\"fusion-button button-flat fusion-button-default-size button-default fusion-button-default button-2 fusion-button-default-span fusion-button-default-type\" style=\"--button_text_transform:none;\" target=\"_self\" href=\"https:\/\/www.aqva.se\/en\/1639-2\/\"><span class=\"fusion-button-text\">Synpunkter<\/span><\/a><\/div><\/div><\/div><\/div><\/div><\/p>","protected":false},"excerpt":{"rendered":"","protected":false},"author":3,"featured_media":0,"parent":0,"menu_order":0,"comment_status":"closed","ping_status":"closed","template":"","meta":{"footnotes":""},"class_list":["post-1510","page","type-page","status-publish","hentry"],"yoast_head":"<!-- This site is optimized with the Yoast SEO plugin v24.7 - https:\/\/yoast.com\/wordpress\/plugins\/seo\/ -->\n<title>SAMMANFATTAT G\u00c4STINFORMATION - Hotell Aqva<\/title>\n<meta name=\"robots\" content=\"index, follow, max-snippet:-1, max-image-preview:large, max-video-preview:-1\" \/>\n<link rel=\"canonical\" href=\"https:\/\/www.aqva.se\/en\/sammanfattat-gastinformation\/\" \/>\n<meta property=\"og:locale\" content=\"en_US\" \/>\n<meta property=\"og:type\" content=\"article\" \/>\n<meta property=\"og:title\" content=\"SAMMANFATTAT G\u00c4STINFORMATION - Hotell Aqva\" \/>\n<meta property=\"og:url\" content=\"https:\/\/www.aqva.se\/en\/sammanfattat-gastinformation\/\" \/>\n<meta property=\"og:site_name\" content=\"Hotell Aqva\" \/>\n<meta property=\"article:modified_time\" content=\"2025-10-16T12:59:20+00:00\" \/>\n<meta name=\"twitter:card\" content=\"summary_large_image\" \/>\n<meta name=\"twitter:label1\" content=\"Est. reading time\" \/>\n\t<meta name=\"twitter:data1\" content=\"2 minutes\" \/>\n<script type=\"application\/ld+json\" class=\"yoast-schema-graph\">{\"@context\":\"https:\/\/schema.org\",\"@graph\":[{\"@type\":\"WebPage\",\"@id\":\"https:\/\/www.aqva.se\/sammanfattat-gastinformation\/\",\"url\":\"https:\/\/www.aqva.se\/sammanfattat-gastinformation\/\",\"name\":\"SAMMANFATTAT G\u00c4STINFORMATION - Hotell Aqva\",\"isPartOf\":{\"@id\":\"https:\/\/www.aqva.se\/#website\"},\"datePublished\":\"2023-10-25T06:30:22+00:00\",\"dateModified\":\"2025-10-16T12:59:20+00:00\",\"breadcrumb\":{\"@id\":\"https:\/\/www.aqva.se\/sammanfattat-gastinformation\/#breadcrumb\"},\"inLanguage\":\"en-US\",\"potentialAction\":[{\"@type\":\"ReadAction\",\"target\":[\"https:\/\/www.aqva.se\/sammanfattat-gastinformation\/\"]}]},{\"@type\":\"BreadcrumbList\",\"@id\":\"https:\/\/www.aqva.se\/sammanfattat-gastinformation\/#breadcrumb\",\"itemListElement\":[{\"@type\":\"ListItem\",\"position\":1,\"name\":\"Hem\",\"item\":\"https:\/\/www.aqva.se\/\"},{\"@type\":\"ListItem\",\"position\":2,\"name\":\"SAMMANFATTAT G\u00c4STINFORMATION\"}]},{\"@type\":\"WebSite\",\"@id\":\"https:\/\/www.aqva.se\/#website\",\"url\":\"https:\/\/www.aqva.se\/\",\"name\":\"Hotell Aqva\",\"description\":\"Ett Kranm\u00e4rkt Biosf\u00e4rhotell med fokus p\u00e5 h\u00e5llbarhet! Mysigt, litet, centralt i Mariestad!\",\"publisher\":{\"@id\":\"https:\/\/www.aqva.se\/#organization\"},\"potentialAction\":[{\"@type\":\"SearchAction\",\"target\":{\"@type\":\"EntryPoint\",\"urlTemplate\":\"https:\/\/www.aqva.se\/?s={search_term_string}\"},\"query-input\":{\"@type\":\"PropertyValueSpecification\",\"valueRequired\":true,\"valueName\":\"search_term_string\"}}],\"inLanguage\":\"en-US\"},{\"@type\":\"Organization\",\"@id\":\"https:\/\/www.aqva.se\/#organization\",\"name\":\"Hotell Aqva i Mariestad\",\"url\":\"https:\/\/www.aqva.se\/\",\"logo\":{\"@type\":\"ImageObject\",\"inLanguage\":\"en-US\",\"@id\":\"https:\/\/www.aqva.se\/#\/schema\/logo\/image\/\",\"url\":\"https:\/\/www.aqva.se\/wp-content\/uploads\/2020\/03\/Logotyp.png\",\"contentUrl\":\"https:\/\/www.aqva.se\/wp-content\/uploads\/2020\/03\/Logotyp.png\",\"width\":200,\"height\":102,\"caption\":\"Hotell Aqva i Mariestad\"},\"image\":{\"@id\":\"https:\/\/www.aqva.se\/#\/schema\/logo\/image\/\"}}]}<\/script>\n<!-- \/ Yoast SEO plugin. -->","yoast_head_json":{"title":"SAMMANFATTAT G\u00c4STINFORMATION - Hotell Aqva","robots":{"index":"index","follow":"follow","max-snippet":"max-snippet:-1","max-image-preview":"max-image-preview:large","max-video-preview":"max-video-preview:-1"},"canonical":"https:\/\/www.aqva.se\/en\/sammanfattat-gastinformation\/","og_locale":"en_US","og_type":"article","og_title":"SAMMANFATTAT G\u00c4STINFORMATION - Hotell Aqva","og_url":"https:\/\/www.aqva.se\/en\/sammanfattat-gastinformation\/","og_site_name":"Hotell Aqva","article_modified_time":"2025-10-16T12:59:20+00:00","twitter_card":"summary_large_image","twitter_misc":{"Est. reading time":"2 minutes"},"schema":{"@context":"https:\/\/schema.org","@graph":[{"@type":"WebPage","@id":"https:\/\/www.aqva.se\/sammanfattat-gastinformation\/","url":"https:\/\/www.aqva.se\/sammanfattat-gastinformation\/","name":"SAMMANFATTAT G\u00c4STINFORMATION - Hotell Aqva","isPartOf":{"@id":"https:\/\/www.aqva.se\/#website"},"datePublished":"2023-10-25T06:30:22+00:00","dateModified":"2025-10-16T12:59:20+00:00","breadcrumb":{"@id":"https:\/\/www.aqva.se\/sammanfattat-gastinformation\/#breadcrumb"},"inLanguage":"en-US","potentialAction":[{"@type":"ReadAction","target":["https:\/\/www.aqva.se\/sammanfattat-gastinformation\/"]}]},{"@type":"BreadcrumbList","@id":"https:\/\/www.aqva.se\/sammanfattat-gastinformation\/#breadcrumb","itemListElement":[{"@type":"ListItem","position":1,"name":"Hem","item":"https:\/\/www.aqva.se\/"},{"@type":"ListItem","position":2,"name":"SAMMANFATTAT G\u00c4STINFORMATION"}]},{"@type":"WebSite","@id":"https:\/\/www.aqva.se\/#website","url":"https:\/\/www.aqva.se\/","name":"Hotell Aqva","description":"Ett Kranm\u00e4rkt Biosf\u00e4rhotell med fokus p\u00e5 h\u00e5llbarhet! Mysigt, litet, centralt i Mariestad!","publisher":{"@id":"https:\/\/www.aqva.se\/#organization"},"potentialAction":[{"@type":"SearchAction","target":{"@type":"EntryPoint","urlTemplate":"https:\/\/www.aqva.se\/?s={search_term_string}"},"query-input":{"@type":"PropertyValueSpecification","valueRequired":true,"valueName":"search_term_string"}}],"inLanguage":"en-US"},{"@type":"Organization","@id":"https:\/\/www.aqva.se\/#organization","name":"Hotell Aqva i Mariestad","url":"https:\/\/www.aqva.se\/","logo":{"@type":"ImageObject","inLanguage":"en-US","@id":"https:\/\/www.aqva.se\/#\/schema\/logo\/image\/","url":"https:\/\/www.aqva.se\/wp-content\/uploads\/2020\/03\/Logotyp.png","contentUrl":"https:\/\/www.aqva.se\/wp-content\/uploads\/2020\/03\/Logotyp.png","width":200,"height":102,"caption":"Hotell Aqva i Mariestad"},"image":{"@id":"https:\/\/www.aqva.se\/#\/schema\/logo\/image\/"}}]}},"_links":{"self":[{"href":"https:\/\/www.aqva.se\/en\/wp-json\/wp\/v2\/pages\/1510"}],"collection":[{"href":"https:\/\/www.aqva.se\/en\/wp-json\/wp\/v2\/pages"}],"about":[{"href":"https:\/\/www.aqva.se\/en\/wp-json\/wp\/v2\/types\/page"}],"author":[{"embeddable":true,"href":"https:\/\/www.aqva.se\/en\/wp-json\/wp\/v2\/users\/3"}],"replies":[{"embeddable":true,"href":"https:\/\/www.aqva.se\/en\/wp-json\/wp\/v2\/comments?post=1510"}],"version-history":[{"count":43,"href":"https:\/\/www.aqva.se\/en\/wp-json\/wp\/v2\/pages\/1510\/revisions"}],"predecessor-version":[{"id":1787,"href":"https:\/\/www.aqva.se\/en\/wp-json\/wp\/v2\/pages\/1510\/revisions\/1787"}],"wp:attachment":[{"href":"https:\/\/www.aqva.se\/en\/wp-json\/wp\/v2\/media?parent=1510"}],"curies":[{"name":"wp","href":"https:\/\/api.w.org\/{rel}","templated":true}]}}